{"id":29490,"date":"2026-02-03T13:10:38","date_gmt":"2026-02-03T13:10:38","guid":{"rendered":"https:\/\/equipment-pt3.com\/produto\/skil-3440-ja-serra-vertical-sem-fio-compact-brushless\/"},"modified":"2026-02-16T09:57:31","modified_gmt":"2026-02-16T09:57:31","slug":"skil-3440-ja-serra-vertical-sem-fio-compact-brushless","status":"publish","type":"product","link":"https:\/\/equipment-pt3.com\/en\/product\/skil-3440-ja-serra-vertical-sem-fio-compact-brushless\/","title":{"rendered":"SKIL 3440 JA Serra vertical sem fio \u00abCompact brushless\u00bb"},"content":{"rendered":"<p>A serra vertical sem fio 3440 \u00ab20V Max\u00bb faz parte da gama compacta sem escovas da SKIL. Estas ferramentas s\u00e3o extremamente compactas e oferecem uma combina\u00e7\u00e3o de alto desempenho, durabilidade e um n\u00edvel de comodidade inigual\u00e1vel. Como todas as outras ferramentas sem fio SKIL \u00ab20V Max\u00bb, este modelo \u00e9 alimentado pela tecnologia avan\u00e7ada de bateria e carregador l\u00edder na ind\u00fastria \u00abPWRCORE 20\u2122\u00bb. A nossa serra vertical sem fio e sem escovas SKIL 3440 \u00e9 perfeita para a serragem precisa de cortes curvos e a direito. O design de punho cil\u00edndrico extremamente compacto e leve assegura controlo e orienta\u00e7\u00e3o ideais, o que \u00e9 particularmente vantajoso ao trabalhar com a serra vertical virada ao contr\u00e1rio. O motor sem escovas digital fornece mais pot\u00eancia, mais efici\u00eancia e uma vida \u00fatil 10x mais longa do que um motor com escovas compar\u00e1vel. A boa visibilidade do seu trabalho \u00e9 assegurada gra\u00e7as \u00e0 luz \u00ab360 \u00b0 LED\u00bb exclusiva que ilumina a linha de corte sem sombras. Com a pr\u00e9-sele\u00e7\u00e3o do controlo da velocidade vari\u00e1vel pode utilizar esta serra vertical para obter os melhores resultados em diversos materiais. Esta serra vertical at\u00e9 tem um ajuste especial \u00abAuto Speed\u00bb que garante um arranque controlado. A ferramenta atinge automaticamente a velocidade m\u00e1xima e s\u00f3 depois de a serragem efetiva j\u00e1 ter come\u00e7ado. Com a fun\u00e7\u00e3o de eje\u00e7\u00e3o da l\u00e2mina deixa de ser necess\u00e1rio tocar em l\u00e2minas quentes para troc\u00e1-las e o trav\u00e3o el\u00e9trico assegura maior conforto e trabalho mais r\u00e1pido. Pode ajustar facilmente a base de alum\u00ednio extremamente resistente para efetuar cortes em bisel.<br \/>\nA SKIL 3440 JA \u00e9 fornecida numa mala empilh\u00e1vel com um jogo de 10 l\u00e2minas de serra e um adaptador para aspirador.<br \/>\nA bateria e o carregador n\u00e3o est\u00e3o inclu\u00eddos.<\/p>","protected":false},"excerpt":{"rendered":"<p>A serra vertical sem fio 3440 \u00ab20V Max\u00bb faz parte da gama compacta sem escovas da SKIL. Estas ferramentas s\u00e3o<\/p>","protected":false},"featured_media":29738,"template":"","meta":[],"product_brand":[67],"product_cat":[98,34],"product_tag":[],"class_list":{"0":"post-29490","1":"product","2":"type-product","3":"status-publish","4":"has-post-thumbnail","6":"product_brand-skil","7":"product_cat-ferramentas-de-corte","8":"product_cat-ferramentas-eletricas","10":"first","11":"instock","12":"sale","13":"purchasable","14":"product-type-simple"},"_links":{"self":[{"href":"https:\/\/equipment-pt3.com\/en\/wp-json\/wp\/v2\/product\/29490","targetHints":{"allow":["GET"]}}],"collection":[{"href":"https:\/\/equipment-pt3.com\/en\/wp-json\/wp\/v2\/product"}],"about":[{"href":"https:\/\/equipment-pt3.com\/en\/wp-json\/wp\/v2\/types\/product"}],"version-history":[{"count":3,"href":"https:\/\/equipment-pt3.com\/en\/wp-json\/wp\/v2\/product\/29490\/revisions"}],"predecessor-version":[{"id":29743,"href":"https:\/\/equipment-pt3.com\/en\/wp-json\/wp\/v2\/product\/29490\/revisions\/29743"}],"wp:featuredmedia":[{"embeddable":true,"href":"https:\/\/equipment-pt3.com\/en\/wp-json\/wp\/v2\/media\/29738"}],"wp:attachment":[{"href":"https:\/\/equipment-pt3.com\/en\/wp-json\/wp\/v2\/media?parent=29490"}],"wp:term":[{"taxonomy":"product_brand","embeddable":true,"href":"https:\/\/equipment-pt3.com\/en\/wp-json\/wp\/v2\/product_brand?post=29490"},{"taxonomy":"product_cat","embeddable":true,"href":"https:\/\/equipment-pt3.com\/en\/wp-json\/wp\/v2\/product_cat?post=29490"},{"taxonomy":"product_tag","embeddable":true,"href":"https:\/\/equipment-pt3.com\/en\/wp-json\/wp\/v2\/product_tag?post=29490"}],"curies":[{"name":"wp","href":"https:\/\/api.w.org\/{rel}","templated":true}]}}