{"id":29491,"date":"2026-02-03T13:10:38","date_gmt":"2026-02-03T13:10:38","guid":{"rendered":"https:\/\/equipment-pt3.com\/produto\/skil-3470-dc-serra-sabre-sem-fio\/"},"modified":"2026-02-16T09:59:45","modified_gmt":"2026-02-16T09:59:45","slug":"skil-3470-dc-serra-sabre-sem-fio","status":"publish","type":"product","link":"https:\/\/equipment-pt3.com\/en\/product\/skil-3470-dc-serra-sabre-sem-fio\/","title":{"rendered":"SKIL 3470 DC Serra sabre sem fio"},"content":{"rendered":"<p>A SKIL 3470 \u00e9 uma serra sabre sem fios potente, com velocidade vari\u00e1vel, garantindo os melhores resultados em diversos materiais. \u00c9 a ferramenta ideal para uma ampla variedade de aplica\u00e7\u00f5es de corte, como trabalhos de demoli\u00e7\u00e3o, poda e corte de \u00e1rvores. A boa visibilidade do trabalho \u00e9 assegurada pela luz LED integrada. A troca de l\u00e2minas nunca foi t\u00e3o f\u00e1cil gra\u00e7as ao sistema \u00abClic\u00bb, que dispensa o uso de ferramentas ou chaves especiais. Para maior comodidade, esta ferramenta possui uma caixa de engrenagens em alum\u00ednio muito robusta e leve. As vibra\u00e7\u00f5es s\u00e3o reduzidas gra\u00e7as ao conjunto de engrenagens principal equilibrado. Al\u00e9m disso, a posi\u00e7\u00e3o ajust\u00e1vel do apoio permite uma utiliza\u00e7\u00e3o mais eficiente da l\u00e2mina. Por fim, o punho soft grip garante um trabalho confort\u00e1vel.<\/p>\n<p>A SKIL 3470 DC \u00e9 fornecida numa bolsa de transporte, com uma bateria \u2018Keep Cool\u2019 de 2,0 Ah \u201820V Max\u2019 (18V), um carregador r\u00e1pido e uma l\u00e2mina para madeira.<\/p>","protected":false},"excerpt":{"rendered":"<p>A SKIL 3470 \u00e9 uma serra sabre sem fios potente, com velocidade vari\u00e1vel, garantindo os melhores resultados em diversos materiais.<\/p>","protected":false},"featured_media":29746,"template":"","meta":[],"product_brand":[67],"product_cat":[98,34],"product_tag":[],"class_list":{"0":"post-29491","1":"product","2":"type-product","3":"status-publish","4":"has-post-thumbnail","6":"product_brand-skil","7":"product_cat-ferramentas-de-corte","8":"product_cat-ferramentas-eletricas","10":"first","11":"instock","12":"sale","13":"purchasable","14":"product-type-simple"},"_links":{"self":[{"href":"https:\/\/equipment-pt3.com\/en\/wp-json\/wp\/v2\/product\/29491","targetHints":{"allow":["GET"]}}],"collection":[{"href":"https:\/\/equipment-pt3.com\/en\/wp-json\/wp\/v2\/product"}],"about":[{"href":"https:\/\/equipment-pt3.com\/en\/wp-json\/wp\/v2\/types\/product"}],"version-history":[{"count":3,"href":"https:\/\/equipment-pt3.com\/en\/wp-json\/wp\/v2\/product\/29491\/revisions"}],"predecessor-version":[{"id":29745,"href":"https:\/\/equipment-pt3.com\/en\/wp-json\/wp\/v2\/product\/29491\/revisions\/29745"}],"wp:featuredmedia":[{"embeddable":true,"href":"https:\/\/equipment-pt3.com\/en\/wp-json\/wp\/v2\/media\/29746"}],"wp:attachment":[{"href":"https:\/\/equipment-pt3.com\/en\/wp-json\/wp\/v2\/media?parent=29491"}],"wp:term":[{"taxonomy":"product_brand","embeddable":true,"href":"https:\/\/equipment-pt3.com\/en\/wp-json\/wp\/v2\/product_brand?post=29491"},{"taxonomy":"product_cat","embeddable":true,"href":"https:\/\/equipment-pt3.com\/en\/wp-json\/wp\/v2\/product_cat?post=29491"},{"taxonomy":"product_tag","embeddable":true,"href":"https:\/\/equipment-pt3.com\/en\/wp-json\/wp\/v2\/product_tag?post=29491"}],"curies":[{"name":"wp","href":"https:\/\/api.w.org\/{rel}","templated":true}]}}