{"id":29492,"date":"2026-02-03T13:10:38","date_gmt":"2026-02-03T13:10:38","guid":{"rendered":"https:\/\/equipment-pt3.com\/produto\/skil-3480-fa-serra-sabre-sem-fio-xp-brushless\/"},"modified":"2026-02-16T10:00:35","modified_gmt":"2026-02-16T10:00:35","slug":"skil-3480-fa-serra-sabre-sem-fio-xp-brushless","status":"publish","type":"product","link":"https:\/\/equipment-pt3.com\/en\/product\/skil-3480-fa-serra-sabre-sem-fio-xp-brushless\/","title":{"rendered":"SKIL 3480 FA Serra sabre sem fio \u00abXP brushless\u00bb"},"content":{"rendered":"<ul>\n<li>Motor digital sem escovas: mais pot\u00eancia, maior efici\u00eancia e uma vida \u00fatil 10 vezes superior<\/li>\n<li>Funcionamento oscilante para resultados de corte mais r\u00e1pidos<\/li>\n<li>Controlo de velocidade vari\u00e1vel para resultados de corte ideais em diferentes materiais<\/li>\n<li>Sistema \u00abClic\u00bb sem ferramentas para troca r\u00e1pida e f\u00e1cil da l\u00e2mina<\/li>\n<li>Sistema de equil\u00edbrio com contrapeso (\u00abVRS\u00bb) para redu\u00e7\u00e3o de vibra\u00e7\u00f5es<\/li>\n<li>Trav\u00e3o el\u00e9trico que proporciona maior conforto e permite trabalhar mais rapidamente<\/li>\n<li>Luz LED para melhor visualiza\u00e7\u00e3o da pe\u00e7a de trabalho e maior conforto em locais com pouca ilumina\u00e7\u00e3o<\/li>\n<li>Design adequado para pendurar a ferramenta de forma confort\u00e1vel<\/li>\n<li>Posi\u00e7\u00e3o do p\u00e9 ajust\u00e1vel para uma utiliza\u00e7\u00e3o eficiente da l\u00e2mina<\/li>\n<li>Punho soft grip para uma pega mais confort\u00e1vel e segura<\/li>\n<li>Tecnologia de i\u00f5es de l\u00edtio: sem efeito de mem\u00f3ria, sem auto-descarga e sempre pronta a utilizar<\/li>\n<\/ul>","protected":false},"excerpt":{"rendered":"<p>Motor digital sem escovas: mais pot\u00eancia, maior efici\u00eancia e uma vida \u00fatil 10 vezes superior Funcionamento oscilante para resultados de<\/p>","protected":false},"featured_media":29731,"template":"","meta":[],"product_brand":[67],"product_cat":[98,34],"product_tag":[],"class_list":{"0":"post-29492","1":"product","2":"type-product","3":"status-publish","4":"has-post-thumbnail","6":"product_brand-skil","7":"product_cat-ferramentas-de-corte","8":"product_cat-ferramentas-eletricas","10":"first","11":"instock","12":"sale","13":"purchasable","14":"product-type-simple"},"_links":{"self":[{"href":"https:\/\/equipment-pt3.com\/en\/wp-json\/wp\/v2\/product\/29492","targetHints":{"allow":["GET"]}}],"collection":[{"href":"https:\/\/equipment-pt3.com\/en\/wp-json\/wp\/v2\/product"}],"about":[{"href":"https:\/\/equipment-pt3.com\/en\/wp-json\/wp\/v2\/types\/product"}],"version-history":[{"count":2,"href":"https:\/\/equipment-pt3.com\/en\/wp-json\/wp\/v2\/product\/29492\/revisions"}],"predecessor-version":[{"id":29736,"href":"https:\/\/equipment-pt3.com\/en\/wp-json\/wp\/v2\/product\/29492\/revisions\/29736"}],"wp:featuredmedia":[{"embeddable":true,"href":"https:\/\/equipment-pt3.com\/en\/wp-json\/wp\/v2\/media\/29731"}],"wp:attachment":[{"href":"https:\/\/equipment-pt3.com\/en\/wp-json\/wp\/v2\/media?parent=29492"}],"wp:term":[{"taxonomy":"product_brand","embeddable":true,"href":"https:\/\/equipment-pt3.com\/en\/wp-json\/wp\/v2\/product_brand?post=29492"},{"taxonomy":"product_cat","embeddable":true,"href":"https:\/\/equipment-pt3.com\/en\/wp-json\/wp\/v2\/product_cat?post=29492"},{"taxonomy":"product_tag","embeddable":true,"href":"https:\/\/equipment-pt3.com\/en\/wp-json\/wp\/v2\/product_tag?post=29492"}],"curies":[{"name":"wp","href":"https:\/\/api.w.org\/{rel}","templated":true}]}}