{"id":29493,"date":"2026-02-03T13:10:39","date_gmt":"2026-02-03T13:10:39","guid":{"rendered":"https:\/\/equipment-pt3.com\/produto\/skil-3520-db-serra-circular-sem-fio\/"},"modified":"2026-02-16T09:52:45","modified_gmt":"2026-02-16T09:52:45","slug":"skil-3520-db-serra-circular-sem-fio","status":"publish","type":"product","link":"https:\/\/equipment-pt3.com\/en\/product\/skil-3520-db-serra-circular-sem-fio\/","title":{"rendered":"SKIL 3520 DB Serra circular sem fio"},"content":{"rendered":"<ul>\n<li>Serra circular sem fio \u00ab20V Max\u00bb (18 V) potente com uma profundidade de corte at\u00e9 54 mm<\/li>\n<li>A luz LED ilumina a linha de corte para uma melhor visibilidade da pe\u00e7a a trabalhar<\/li>\n<li>Profundidade m\u00e1xima de corte de 54 mm a 90\u00b0 e 44 mm a 45\u00b0<\/li>\n<li>Visor da linha de serra\u00e7\u00e3o, para um tra\u00e7ado f\u00e1cil e preciso da linha marcada<\/li>\n<li>O trav\u00e3o el\u00e9trico assegura um maior conforto e permite trabalhar mais rapidamente<\/li>\n<li>Sistema de bloqueio do fuso para mudan\u00e7a f\u00e1cil da l\u00e2mina<\/li>\n<li>Adaptador para p\u00f3 para conectar um aspirador ou saco para o p\u00f3, se necess\u00e1rio<\/li>\n<li>O design com uma ergonomia superior assegura o controlo e orienta\u00e7\u00e3o ideais<\/li>\n<li>L\u00e2mina no lado esquerdo para m\u00e1xima visibilidade da linha de corte<\/li>\n<li>\u00abPWRJUMP\u2122\u00bb autom\u00e1tico: carrega de 0% a 15% nos primeiros 5 minutos (bateria de 4,0 Ah\/100% em 50 minutos)<\/li>\n<li>Tecnologia de i\u00f5es de l\u00edtio: sem efeito mem\u00f3ria, sem descarga espont\u00e2nea e sempre pronta a utilizar<\/li>\n<li>O indicador do n\u00edvel de carga da bateria patenteado exibe comodamente o n\u00edvel de carga da bateria<\/li>\n<li>Dep\u00f3sito integrado para chave<\/li>\n<li>Os rolamentos protegidos contra o p\u00f3 asseguram uma durabilidade extra<\/li>\n<\/ul>","protected":false},"excerpt":{"rendered":"<p>Serra circular sem fio \u00ab20V Max\u00bb (18 V) potente com uma profundidade de corte at\u00e9 54 mm A luz LED<\/p>","protected":false},"featured_media":29667,"template":"","meta":[],"product_brand":[67],"product_cat":[98,34],"product_tag":[],"class_list":{"0":"post-29493","1":"product","2":"type-product","3":"status-publish","4":"has-post-thumbnail","6":"product_brand-skil","7":"product_cat-ferramentas-de-corte","8":"product_cat-ferramentas-eletricas","10":"first","11":"instock","12":"sale","13":"purchasable","14":"product-type-simple"},"_links":{"self":[{"href":"https:\/\/equipment-pt3.com\/en\/wp-json\/wp\/v2\/product\/29493","targetHints":{"allow":["GET"]}}],"collection":[{"href":"https:\/\/equipment-pt3.com\/en\/wp-json\/wp\/v2\/product"}],"about":[{"href":"https:\/\/equipment-pt3.com\/en\/wp-json\/wp\/v2\/types\/product"}],"version-history":[{"count":2,"href":"https:\/\/equipment-pt3.com\/en\/wp-json\/wp\/v2\/product\/29493\/revisions"}],"predecessor-version":[{"id":29669,"href":"https:\/\/equipment-pt3.com\/en\/wp-json\/wp\/v2\/product\/29493\/revisions\/29669"}],"wp:featuredmedia":[{"embeddable":true,"href":"https:\/\/equipment-pt3.com\/en\/wp-json\/wp\/v2\/media\/29667"}],"wp:attachment":[{"href":"https:\/\/equipment-pt3.com\/en\/wp-json\/wp\/v2\/media?parent=29493"}],"wp:term":[{"taxonomy":"product_brand","embeddable":true,"href":"https:\/\/equipment-pt3.com\/en\/wp-json\/wp\/v2\/product_brand?post=29493"},{"taxonomy":"product_cat","embeddable":true,"href":"https:\/\/equipment-pt3.com\/en\/wp-json\/wp\/v2\/product_cat?post=29493"},{"taxonomy":"product_tag","embeddable":true,"href":"https:\/\/equipment-pt3.com\/en\/wp-json\/wp\/v2\/product_tag?post=29493"}],"curies":[{"name":"wp","href":"https:\/\/api.w.org\/{rel}","templated":true}]}}