{"id":29494,"date":"2026-02-03T13:10:39","date_gmt":"2026-02-03T13:10:39","guid":{"rendered":"https:\/\/equipment-pt3.com\/produto\/skil-3571-fa-serra-circular-sem-fio-xp-brushless\/"},"modified":"2026-02-16T09:54:25","modified_gmt":"2026-02-16T09:54:25","slug":"skil-3571-fa-serra-circular-sem-fio-xp-brushless","status":"publish","type":"product","link":"https:\/\/equipment-pt3.com\/en\/product\/skil-3571-fa-serra-circular-sem-fio-xp-brushless\/","title":{"rendered":"SKIL 3571 FA Serra circular sem fio \u00abXP brushless\u00bb"},"content":{"rendered":"<ul>\n<li>Dep\u00f3sito integrado para chave<\/li>\n<li>A luz LED ilumina a linha de corte para uma melhor visibilidade da pe\u00e7a a trabalhar<\/li>\n<li>Grande profundidade de corte m\u00e1xima de 66 mm a 90\u00b0 e 46 mm a 45\u00b0<\/li>\n<li>Motor sem escovas digital: Mais pot\u00eancia, mais efic\u00e1cia e uma vida \u00fatil 10x mais longa<\/li>\n<li>Os rolamentos protegidos contra o p\u00f3 asseguram uma durabilidade extra<\/li>\n<li>\u00abPWRCORE 20\u2122\u00bb: Tecnologia de bateria avan\u00e7ada l\u00edder na ind\u00fastria, para alimentar todas as ferramentas SKIL \u00ab20V Max\u00bb<\/li>\n<li>\u00abACTIVCELL\u2122\u00bb: bateria inteligente patenteada e intera\u00e7\u00e3o de ferramentas, para o m\u00e1ximo desempenho e prote\u00e7\u00e3o da bateria<\/li>\n<li>O trav\u00e3o el\u00e9trico assegura um maior conforto e permite trabalhar mais rapidamente<\/li>\n<li>O design com uma ergonomia superior assegura o controlo e orienta\u00e7\u00e3o ideais<\/li>\n<li>\u00abKEEPCOOL\u2122\u00bb: a tecnologia patenteada de refrigera\u00e7\u00e3o da bateria que garante at\u00e9 25% mais tempo de funcionamento e 2x mais tempo de vida \u00fatil<\/li>\n<li>SKIL \u00abXP\u00bb: Desempenho excecional gra\u00e7as a especifica\u00e7\u00f5es de topo, motor sem escovas avan\u00e7ado e tecnologia de bateria l\u00edder na ind\u00fastria<\/li>\n<li>Sapata e resguardos de alum\u00ednio para precis\u00e3o e durabilidade extra<\/li>\n<li>Sistema de bloqueio do fuso para mudan\u00e7a f\u00e1cil da l\u00e2mina<\/li>\n<li>Capacidade para cortes em bisel extragrandes de 56\u00b0 com paragem r\u00e1pida de 45\u00b0<\/li>\n<\/ul>","protected":false},"excerpt":{"rendered":"<p>Dep\u00f3sito integrado para chave A luz LED ilumina a linha de corte para uma melhor visibilidade da pe\u00e7a a trabalhar<\/p>","protected":false},"featured_media":29670,"template":"","meta":[],"product_brand":[67],"product_cat":[98,34],"product_tag":[],"class_list":{"0":"post-29494","1":"product","2":"type-product","3":"status-publish","4":"has-post-thumbnail","6":"product_brand-skil","7":"product_cat-ferramentas-de-corte","8":"product_cat-ferramentas-eletricas","10":"first","11":"instock","12":"sale","13":"purchasable","14":"product-type-simple"},"_links":{"self":[{"href":"https:\/\/equipment-pt3.com\/en\/wp-json\/wp\/v2\/product\/29494","targetHints":{"allow":["GET"]}}],"collection":[{"href":"https:\/\/equipment-pt3.com\/en\/wp-json\/wp\/v2\/product"}],"about":[{"href":"https:\/\/equipment-pt3.com\/en\/wp-json\/wp\/v2\/types\/product"}],"version-history":[{"count":1,"href":"https:\/\/equipment-pt3.com\/en\/wp-json\/wp\/v2\/product\/29494\/revisions"}],"predecessor-version":[{"id":29672,"href":"https:\/\/equipment-pt3.com\/en\/wp-json\/wp\/v2\/product\/29494\/revisions\/29672"}],"wp:featuredmedia":[{"embeddable":true,"href":"https:\/\/equipment-pt3.com\/en\/wp-json\/wp\/v2\/media\/29670"}],"wp:attachment":[{"href":"https:\/\/equipment-pt3.com\/en\/wp-json\/wp\/v2\/media?parent=29494"}],"wp:term":[{"taxonomy":"product_brand","embeddable":true,"href":"https:\/\/equipment-pt3.com\/en\/wp-json\/wp\/v2\/product_brand?post=29494"},{"taxonomy":"product_cat","embeddable":true,"href":"https:\/\/equipment-pt3.com\/en\/wp-json\/wp\/v2\/product_cat?post=29494"},{"taxonomy":"product_tag","embeddable":true,"href":"https:\/\/equipment-pt3.com\/en\/wp-json\/wp\/v2\/product_tag?post=29494"}],"curies":[{"name":"wp","href":"https:\/\/api.w.org\/{rel}","templated":true}]}}