{"id":29496,"date":"2026-02-03T13:10:39","date_gmt":"2026-02-03T13:10:39","guid":{"rendered":"https:\/\/equipment-pt3.com\/produto\/skil-4531-ga-serra-vertical\/"},"modified":"2026-02-13T14:33:24","modified_gmt":"2026-02-13T14:33:24","slug":"skil-4531-ga-serra-vertical","status":"publish","type":"product","link":"https:\/\/equipment-pt3.com\/en\/product\/skil-4531-ga-serra-vertical\/","title":{"rendered":"SKIL 4531 GA Serra vertical"},"content":{"rendered":"<section class=\"elementor-section elementor-top-section elementor-element elementor-element-7bcf1ca8 elementor-section-boxed elementor-section-height-default elementor-section-height-default\" data-id=\"7bcf1ca8\" data-element_type=\"section\" data-e-type=\"section\">\n<div class=\"elementor-container elementor-column-gap-default\">\n<div class=\"elementor-column elementor-col-100 elementor-top-column elementor-element elementor-element-774190a8\" data-id=\"774190a8\" data-element_type=\"column\" data-e-type=\"column\">\n<div class=\"elementor-widget-wrap elementor-element-populated\">\n<div class=\"elementor-element elementor-element-2619d6f elementor-widget elementor-widget-woocommerce-product-data-tabs\" data-id=\"2619d6f\" data-element_type=\"widget\" data-e-type=\"widget\" data-widget_type=\"woocommerce-product-data-tabs.default\">\n<div class=\"elementor-widget-container\">\n<div class=\"woocommerce-tabs wc-tabs-wrapper\">\n<div id=\"tab-description_tab\" class=\"woocommerce-Tabs-panel woocommerce-Tabs-panel--description_tab panel entry-content wc-tab\" role=\"tabpanel\" aria-labelledby=\"tab-title-description_tab\">\n<p><strong>Serra vertical potente e vers\u00e1til com luz \u00ab180\u00b0 LED\u00bb exclusiva<\/strong><br \/>\nA serra vertical SKIL 4531 \u00e9 extremamente vers\u00e1til. \u00c9 adequada para cortes curvos e direitos em diversos materiais. Esta serra vertical potente de 680 W est\u00e1 equipada com uma luz \u00ab180\u00b0 LED\u00bb exclusiva. Esta ilumina na perfei\u00e7\u00e3o a linha de corte com um feixe amplo de luz, sem produzir sobras! O seletor de material com quatro ajustes permite-lhe encontrar sempre o ajuste correto para o trabalho em quest\u00e3o. Com a fun\u00e7\u00e3o de velocidade vari\u00e1vel pr\u00e9-selecionada pode definir a velocidade pretendida para resultados perfeitos. O sistema \u00abClic\u00bb isento de ferramentas permite-lhe trocar facilmente as l\u00e2minas de serra sem precisar de quaisquer ferramentas. Outras fun\u00e7\u00f5es pr\u00e1ticas incluem o soprador de p\u00f3 que proporciona uma boa visibilidade da pe\u00e7a a ser trabalhada e o interruptor grande com bot\u00e3o de bloqueio que permite um trabalho cont\u00ednuo. A placa de base ajust\u00e1vel sem chave permite cortes em bisel de at\u00e9 45\u00b0. Para um ambiente de trabalho mais limpo, o adaptador para aspirador \u00e9 compat\u00edvel com a maior parte dos aspiradores de tamanho padr\u00e3o. Al\u00e9m disso, o design ergon\u00f3mico com Softgrip assegura um conforto de trabalho extra. A SKIL 4531 GA \u00e9 fornecida numa mala de transporte resistente com 7 discos de serra e um adaptador para aspirador.<\/p>\n<p><strong>Caracter\u00edsticas:<\/strong><\/p>\n<ul>\n<li>Softgrip para uma preens\u00e3o firme e mais c\u00f3moda<\/li>\n<li>Adaptador inclu\u00eddo para conectar um aspirador, se necess\u00e1rio<\/li>\n<li>Interruptor grande e confort\u00e1vel com bot\u00e3o de bloqueio, adequado para uma utiliza\u00e7\u00e3o cont\u00ednua<\/li>\n<li>\u00c2ngulo da base ajust\u00e1vel sem chave para a esquerda ou direita para cortes precisos em bisel de 45\u00b0<\/li>\n<li>Luz \u00ab180\u00b0 LED\u00bb exclusiva para uma ilumina\u00e7\u00e3o perfeita e sem sobras da linha de corte<\/li>\n<li>Interruptor para soprar o p\u00f3 de modo a manter uma boa vis\u00e3o da linha de corte em todos os momentos<\/li>\n<li>Substitui\u00e7\u00e3o da l\u00e2mina r\u00e1pida e f\u00e1cil, com o sistema \u00abClic\u00bb isento de ferramentas<\/li>\n<li>Pr\u00e9-sele\u00e7\u00e3o da velocidade vari\u00e1vel para cortes de alta precis\u00e3o em diversos materiais<\/li>\n<li>Seletor de material com quatro ajustes: sempre o ajuste correto para o trabalho em quest\u00e3<\/li>\n<\/ul>\n<\/div>\n<\/div>\n<\/div>\n<\/div>\n<\/div>\n<\/div>\n<\/div>\n<\/section>","protected":false},"excerpt":{"rendered":"<p>Serra vertical potente e vers\u00e1til com luz \u00ab180\u00b0 LED\u00bb exclusiva A serra vertical SKIL 4531 \u00e9 extremamente vers\u00e1til. \u00c9 adequada<\/p>","protected":false},"featured_media":31208,"template":"","meta":[],"product_brand":[67],"product_cat":[98,34],"product_tag":[],"class_list":{"0":"post-29496","1":"product","2":"type-product","3":"status-publish","4":"has-post-thumbnail","6":"product_brand-skil","7":"product_cat-ferramentas-de-corte","8":"product_cat-ferramentas-eletricas","10":"first","11":"instock","12":"sale","13":"taxable","14":"shipping-taxable","15":"purchasable","16":"product-type-simple"},"_links":{"self":[{"href":"https:\/\/equipment-pt3.com\/en\/wp-json\/wp\/v2\/product\/29496","targetHints":{"allow":["GET"]}}],"collection":[{"href":"https:\/\/equipment-pt3.com\/en\/wp-json\/wp\/v2\/product"}],"about":[{"href":"https:\/\/equipment-pt3.com\/en\/wp-json\/wp\/v2\/types\/product"}],"version-history":[{"count":3,"href":"https:\/\/equipment-pt3.com\/en\/wp-json\/wp\/v2\/product\/29496\/revisions"}],"predecessor-version":[{"id":31213,"href":"https:\/\/equipment-pt3.com\/en\/wp-json\/wp\/v2\/product\/29496\/revisions\/31213"}],"wp:featuredmedia":[{"embeddable":true,"href":"https:\/\/equipment-pt3.com\/en\/wp-json\/wp\/v2\/media\/31208"}],"wp:attachment":[{"href":"https:\/\/equipment-pt3.com\/en\/wp-json\/wp\/v2\/media?parent=29496"}],"wp:term":[{"taxonomy":"product_brand","embeddable":true,"href":"https:\/\/equipment-pt3.com\/en\/wp-json\/wp\/v2\/product_brand?post=29496"},{"taxonomy":"product_cat","embeddable":true,"href":"https:\/\/equipment-pt3.com\/en\/wp-json\/wp\/v2\/product_cat?post=29496"},{"taxonomy":"product_tag","embeddable":true,"href":"https:\/\/equipment-pt3.com\/en\/wp-json\/wp\/v2\/product_tag?post=29496"}],"curies":[{"name":"wp","href":"https:\/\/api.w.org\/{rel}","templated":true}]}}