{"id":29497,"date":"2026-02-03T13:10:39","date_gmt":"2026-02-03T13:10:39","guid":{"rendered":"https:\/\/equipment-pt3.com\/produto\/skil-3165-ca-lanterna-com-suporte\/"},"modified":"2026-02-13T12:22:57","modified_gmt":"2026-02-13T12:22:57","slug":"skil-3165-ca-lanterna-com-suporte","status":"publish","type":"product","link":"https:\/\/equipment-pt3.com\/en\/product\/skil-3165-ca-lanterna-com-suporte\/","title":{"rendered":"SKIL 3165 CA Lanterna com suporte"},"content":{"rendered":"<p>Eixo telesc\u00f3pico: extens\u00e3o suave e confi\u00e1vel at\u00e9 1,6 metros para iluminar o espa\u00e7o de trabalho sem sombras<br \/>\nControlo do brilho com tr\u00eas n\u00edveis para maior flexibilidade durante a utiliza\u00e7\u00e3o<br \/>\nRota\u00e7\u00e3o multidirecional para iluminar em diferentes \u00e2ngulos<br \/>\nPontos de apoio para uso em superf\u00edcies desniveladas<br \/>\nPunho integrado para utiliza\u00e7\u00e3o port\u00e1til<br \/>\nTamb\u00e9m aloja baterias PWRCORE12 (12 V)<br \/>\nCompacta: f\u00e1cil de transportar ou armazenar quando n\u00e3o est\u00e1 a ser utilizada<br \/>\nLuz LED: luz LED branca brilhante at\u00e9 2500 l\u00famenes<\/p>","protected":false},"excerpt":{"rendered":"<p>Eixo telesc\u00f3pico: extens\u00e3o suave e confi\u00e1vel at\u00e9 1,6 metros para iluminar o espa\u00e7o de trabalho sem sombras Controlo do brilho<\/p>","protected":false},"featured_media":29657,"template":"","meta":[],"product_brand":[67],"product_cat":[34],"product_tag":[],"class_list":{"0":"post-29497","1":"product","2":"type-product","3":"status-publish","4":"has-post-thumbnail","6":"product_brand-skil","7":"product_cat-ferramentas-eletricas","9":"first","10":"instock","11":"sale","12":"purchasable","13":"product-type-simple"},"_links":{"self":[{"href":"https:\/\/equipment-pt3.com\/en\/wp-json\/wp\/v2\/product\/29497","targetHints":{"allow":["GET"]}}],"collection":[{"href":"https:\/\/equipment-pt3.com\/en\/wp-json\/wp\/v2\/product"}],"about":[{"href":"https:\/\/equipment-pt3.com\/en\/wp-json\/wp\/v2\/types\/product"}],"version-history":[{"count":2,"href":"https:\/\/equipment-pt3.com\/en\/wp-json\/wp\/v2\/product\/29497\/revisions"}],"predecessor-version":[{"id":31223,"href":"https:\/\/equipment-pt3.com\/en\/wp-json\/wp\/v2\/product\/29497\/revisions\/31223"}],"wp:featuredmedia":[{"embeddable":true,"href":"https:\/\/equipment-pt3.com\/en\/wp-json\/wp\/v2\/media\/29657"}],"wp:attachment":[{"href":"https:\/\/equipment-pt3.com\/en\/wp-json\/wp\/v2\/media?parent=29497"}],"wp:term":[{"taxonomy":"product_brand","embeddable":true,"href":"https:\/\/equipment-pt3.com\/en\/wp-json\/wp\/v2\/product_brand?post=29497"},{"taxonomy":"product_cat","embeddable":true,"href":"https:\/\/equipment-pt3.com\/en\/wp-json\/wp\/v2\/product_cat?post=29497"},{"taxonomy":"product_tag","embeddable":true,"href":"https:\/\/equipment-pt3.com\/en\/wp-json\/wp\/v2\/product_tag?post=29497"}],"curies":[{"name":"wp","href":"https:\/\/api.w.org\/{rel}","templated":true}]}}