{"id":29498,"date":"2026-02-03T13:10:39","date_gmt":"2026-02-03T13:10:39","guid":{"rendered":"https:\/\/equipment-pt3.com\/produto\/skil-3170ca-tupia-brushless\/"},"modified":"2026-02-16T09:55:29","modified_gmt":"2026-02-16T09:55:29","slug":"skil-3170ca-tupia-brushless","status":"publish","type":"product","link":"https:\/\/equipment-pt3.com\/en\/product\/skil-3170ca-tupia-brushless\/","title":{"rendered":"SKIL 3170CA Tupia Brushless"},"content":{"rendered":"<p>A tupia de corte SKIL &#8220;20V MAX&#8221; (18 V) SKIL 3170 oferece um controlo ideal gra\u00e7as ao seu design extremamente compacto e ergonomia otimizada. Pode definir a profundidade de corte rapidamente e com um n\u00edvel de precis\u00e3o muito elevado, at\u00e9 uns impressionantes 43 mm. A sua vis\u00e3o da pe\u00e7a de trabalho \u00e9 assegurada gra\u00e7as a um LED brilhante, \u00e0 base transparente e \u00e0 possibilidade de ligar um aspirador. O SKIL 3170 CA \u00e9 fornecido com um guia paralelo e uma chave. A bateria e o carregador n\u00e3o est\u00e3o inclu\u00eddos.<\/p>","protected":false},"excerpt":{"rendered":"<p>A tupia de corte SKIL &#8220;20V MAX&#8221; (18 V) SKIL 3170 oferece um controlo ideal gra\u00e7as ao seu design extremamente<\/p>","protected":false},"featured_media":29662,"template":"","meta":[],"product_brand":[67],"product_cat":[34],"product_tag":[],"class_list":{"0":"post-29498","1":"product","2":"type-product","3":"status-publish","4":"has-post-thumbnail","6":"product_brand-skil","7":"product_cat-ferramentas-eletricas","9":"first","10":"instock","11":"sale","12":"purchasable","13":"product-type-simple"},"_links":{"self":[{"href":"https:\/\/equipment-pt3.com\/en\/wp-json\/wp\/v2\/product\/29498","targetHints":{"allow":["GET"]}}],"collection":[{"href":"https:\/\/equipment-pt3.com\/en\/wp-json\/wp\/v2\/product"}],"about":[{"href":"https:\/\/equipment-pt3.com\/en\/wp-json\/wp\/v2\/types\/product"}],"version-history":[{"count":2,"href":"https:\/\/equipment-pt3.com\/en\/wp-json\/wp\/v2\/product\/29498\/revisions"}],"predecessor-version":[{"id":29664,"href":"https:\/\/equipment-pt3.com\/en\/wp-json\/wp\/v2\/product\/29498\/revisions\/29664"}],"wp:featuredmedia":[{"embeddable":true,"href":"https:\/\/equipment-pt3.com\/en\/wp-json\/wp\/v2\/media\/29662"}],"wp:attachment":[{"href":"https:\/\/equipment-pt3.com\/en\/wp-json\/wp\/v2\/media?parent=29498"}],"wp:term":[{"taxonomy":"product_brand","embeddable":true,"href":"https:\/\/equipment-pt3.com\/en\/wp-json\/wp\/v2\/product_brand?post=29498"},{"taxonomy":"product_cat","embeddable":true,"href":"https:\/\/equipment-pt3.com\/en\/wp-json\/wp\/v2\/product_cat?post=29498"},{"taxonomy":"product_tag","embeddable":true,"href":"https:\/\/equipment-pt3.com\/en\/wp-json\/wp\/v2\/product_tag?post=29498"}],"curies":[{"name":"wp","href":"https:\/\/api.w.org\/{rel}","templated":true}]}}