{"id":29499,"date":"2026-02-03T13:10:39","date_gmt":"2026-02-03T13:10:39","guid":{"rendered":"https:\/\/equipment-pt3.com\/produto\/skil-3171ca-misturador-brushless\/"},"modified":"2026-02-13T12:44:33","modified_gmt":"2026-02-13T12:44:33","slug":"skil-3171ca-misturador-brushless","status":"publish","type":"product","link":"https:\/\/equipment-pt3.com\/en\/product\/skil-3171ca-misturador-brushless\/","title":{"rendered":"SKIL 3171CA Misturador Brushless"},"content":{"rendered":"<p>A misturadora de p\u00e1s sem fio 3171 \u00ab20V Max\u00bb faz parte da gama sem escovas de desempenho avan\u00e7ado da SKIL. Estas ferramentas oferecem uma combina\u00e7\u00e3o de alto desempenho, durabilidade e um n\u00edvel de comodidade inigual\u00e1vel. Como todas as outras ferramentas sem fio SKIL \u00ab20V Max\u00bb, este modelo \u00e9 alimentado pela tecnologia avan\u00e7ada de bateria e carregador l\u00edder na ind\u00fastria PWRCORE 20\u2122. O motor sem escovas digital fornece mais pot\u00eancia, mais efici\u00eancia e uma vida \u00fatil 10x mais longa do que um motor com escovas compar\u00e1vel.<br \/>\nA nossa misturadora de p\u00e1s SKIL 3171 \u00e9 uma excelente escolha para misturar uma variedade de materiais, tais como argamassas, tintas e colas. O seu design compacto e leve limita a fadiga durante o trabalho. Concebida com um punho de 2 m\u00e3os com Softgrip, esta misturadora de p\u00e1s garante um controlo ideal. O arranque suave eletr\u00f3nico para um aumento gradual da velocidade m\u00e1xima evita salpicos de materiais e garante uma mistura mais suave. Para aumentar a durabilidade da ferramenta, esta misturadora de p\u00e1s foi concebida com uma caixa de engrenagem em alum\u00ednio. Com a roda de pr\u00e9-sele\u00e7\u00e3o da velocidade pode definir a velocidade pretendida. A substitui\u00e7\u00e3o e fixa\u00e7\u00e3o das barras misturadoras padr\u00e3o \u00e9 f\u00e1cil, gra\u00e7as \u00e0 liga\u00e7\u00e3o de ferramenta padr\u00e3o industrial M14. O SKIL 3171 CA \u00e9 fornecido com uma barra misturadora universal de 120 mm. A bateria e o carregador n\u00e3o est\u00e3o inclu\u00eddos.<\/p>\n<p><strong>Caracter\u00edsticas:<\/strong><\/p>\n<ul>\n<li>Motor sem escovas digital: Mais pot\u00eancia, mais efic\u00e1cia e uma vida \u00fatil 10x mais longa<\/li>\n<li>Misturadora de p\u00e1s compacta para misturar todos os tipos de materiais como argamassas, tintas, colas, etc.<\/li>\n<li>Punho duplo com Softgrip para um trabalho confort\u00e1vel e um \u00f3timo controlo<\/li>\n<li>Arranque suave eletr\u00f3nico para um controlo total<\/li>\n<li>Caixa de engrenagens em alum\u00ednio muito resistente<\/li>\n<li>Pr\u00e9-sele\u00e7\u00e3o da velocidade para um arranque e um trabalho de mistura precisos, \u00e0 velocidade correta para os diferentes materiais<\/li>\n<li>Bot\u00e3o de bloqueio para um trabalho de mistura cont\u00ednuo<\/li>\n<li>Liga\u00e7\u00e3o de ferramenta M14, para mudar de acess\u00f3rio facilmente e uma transmiss\u00e3o de pot\u00eancia \u00f3tima<\/li>\n<li>Tecnologia de i\u00f5es de l\u00edtio: sem efeito mem\u00f3ria, sem descarga espont\u00e2nea e sempre pronta a utilizar<\/li>\n<li>Barra misturadora universal inclu\u00edda para diferentes materiais<\/li>\n<\/ul>","protected":false},"excerpt":{"rendered":"<p>A misturadora de p\u00e1s sem fio 3171 \u00ab20V Max\u00bb faz parte da gama sem escovas de desempenho avan\u00e7ado da SKIL.<\/p>","protected":false},"featured_media":31188,"template":"","meta":[],"product_brand":[],"product_cat":[34],"product_tag":[],"class_list":{"0":"post-29499","1":"product","2":"type-product","3":"status-publish","4":"has-post-thumbnail","6":"product_cat-ferramentas-eletricas","8":"first","9":"instock","10":"sale","11":"taxable","12":"shipping-taxable","13":"purchasable","14":"product-type-simple"},"_links":{"self":[{"href":"https:\/\/equipment-pt3.com\/en\/wp-json\/wp\/v2\/product\/29499","targetHints":{"allow":["GET"]}}],"collection":[{"href":"https:\/\/equipment-pt3.com\/en\/wp-json\/wp\/v2\/product"}],"about":[{"href":"https:\/\/equipment-pt3.com\/en\/wp-json\/wp\/v2\/types\/product"}],"version-history":[{"count":2,"href":"https:\/\/equipment-pt3.com\/en\/wp-json\/wp\/v2\/product\/29499\/revisions"}],"predecessor-version":[{"id":31196,"href":"https:\/\/equipment-pt3.com\/en\/wp-json\/wp\/v2\/product\/29499\/revisions\/31196"}],"wp:featuredmedia":[{"embeddable":true,"href":"https:\/\/equipment-pt3.com\/en\/wp-json\/wp\/v2\/media\/31188"}],"wp:attachment":[{"href":"https:\/\/equipment-pt3.com\/en\/wp-json\/wp\/v2\/media?parent=29499"}],"wp:term":[{"taxonomy":"product_brand","embeddable":true,"href":"https:\/\/equipment-pt3.com\/en\/wp-json\/wp\/v2\/product_brand?post=29499"},{"taxonomy":"product_cat","embeddable":true,"href":"https:\/\/equipment-pt3.com\/en\/wp-json\/wp\/v2\/product_cat?post=29499"},{"taxonomy":"product_tag","embeddable":true,"href":"https:\/\/equipment-pt3.com\/en\/wp-json\/wp\/v2\/product_tag?post=29499"}],"curies":[{"name":"wp","href":"https:\/\/api.w.org\/{rel}","templated":true}]}}