{"id":29500,"date":"2026-02-03T13:10:39","date_gmt":"2026-02-03T13:10:39","guid":{"rendered":"https:\/\/equipment-pt3.com\/produto\/skil-3885-ca-pistola-de-pregar-brushless\/"},"modified":"2026-02-13T12:23:41","modified_gmt":"2026-02-13T12:23:41","slug":"skil-3885-ca-pistola-de-pregar-brushless","status":"publish","type":"product","link":"https:\/\/equipment-pt3.com\/en\/product\/skil-3885-ca-pistola-de-pregar-brushless\/","title":{"rendered":"Skil 3885 CA Pistola de pregar Brushless"},"content":{"rendered":"<ul>\n<li>Desempenho excecional gra\u00e7as a especifica\u00e7\u00f5es de topo, motor sem escovas avan\u00e7ado e tecnologia de bateria l\u00edder na ind\u00fastria<\/li>\n<li>Motor sem escovas: mais pot\u00eancia, mais efici\u00eancia e maior autonomia<\/li>\n<li>Oferece uma elevada pot\u00eancia e dispara at\u00e9 120 pregos por minuto<\/li>\n<li>Ajuste de profundidade sem ferramentas: defina rapidamente a profundidade de pregagem ideal com a roda de ajuste de profundidade<\/li>\n<li>Escolha entre 2 modos de disparo: sequencial para precis\u00e3o ou atua\u00e7\u00e3o por contacto para velocidade<\/li>\n<li>Com o desbloqueio de encravamento sem ferramentas, os pregos encravados podem ser facilmente acedidos<\/li>\n<li>O bloqueio de disparo a seco evita disparos em vazio e danos na superf\u00edcie de trabalho<\/li>\n<li>As luzes LED duplas garantem uma maior visibilidade em espa\u00e7os de trabalho mais escuros<\/li>\n<li>Experimente opera\u00e7\u00f5es mais confort\u00e1veis com um punho ergon\u00f3mico que inclui Softgrip<\/li>\n<li>Capacidade do carregador de 105 pregos<\/li>\n<li>Dispara pregos de calibre 18 (1,2 mm) de 16 a 54 mm de comprimento<\/li>\n<li>Dispara at\u00e9 2500 pregos por carga com base numa bateria de 5,0 Ah<\/li>\n<\/ul>","protected":false},"excerpt":{"rendered":"<p>Desempenho excecional gra\u00e7as a especifica\u00e7\u00f5es de topo, motor sem escovas avan\u00e7ado e tecnologia de bateria l\u00edder na ind\u00fastria Motor sem<\/p>","protected":false},"featured_media":29665,"template":"","meta":[],"product_brand":[67],"product_cat":[34],"product_tag":[],"class_list":{"0":"post-29500","1":"product","2":"type-product","3":"status-publish","4":"has-post-thumbnail","6":"product_brand-skil","7":"product_cat-ferramentas-eletricas","9":"first","10":"instock","11":"sale","12":"purchasable","13":"product-type-simple"},"_links":{"self":[{"href":"https:\/\/equipment-pt3.com\/en\/wp-json\/wp\/v2\/product\/29500","targetHints":{"allow":["GET"]}}],"collection":[{"href":"https:\/\/equipment-pt3.com\/en\/wp-json\/wp\/v2\/product"}],"about":[{"href":"https:\/\/equipment-pt3.com\/en\/wp-json\/wp\/v2\/types\/product"}],"version-history":[{"count":1,"href":"https:\/\/equipment-pt3.com\/en\/wp-json\/wp\/v2\/product\/29500\/revisions"}],"predecessor-version":[{"id":29666,"href":"https:\/\/equipment-pt3.com\/en\/wp-json\/wp\/v2\/product\/29500\/revisions\/29666"}],"wp:featuredmedia":[{"embeddable":true,"href":"https:\/\/equipment-pt3.com\/en\/wp-json\/wp\/v2\/media\/29665"}],"wp:attachment":[{"href":"https:\/\/equipment-pt3.com\/en\/wp-json\/wp\/v2\/media?parent=29500"}],"wp:term":[{"taxonomy":"product_brand","embeddable":true,"href":"https:\/\/equipment-pt3.com\/en\/wp-json\/wp\/v2\/product_brand?post=29500"},{"taxonomy":"product_cat","embeddable":true,"href":"https:\/\/equipment-pt3.com\/en\/wp-json\/wp\/v2\/product_cat?post=29500"},{"taxonomy":"product_tag","embeddable":true,"href":"https:\/\/equipment-pt3.com\/en\/wp-json\/wp\/v2\/product_tag?post=29500"}],"curies":[{"name":"wp","href":"https:\/\/api.w.org\/{rel}","templated":true}]}}