{"id":29501,"date":"2026-02-03T13:10:39","date_gmt":"2026-02-03T13:10:39","guid":{"rendered":"https:\/\/equipment-pt3.com\/produto\/skil-8020-aa-soprador-de-ar-quente\/"},"modified":"2026-02-16T09:56:29","modified_gmt":"2026-02-16T09:56:29","slug":"skil-8020-aa-soprador-de-ar-quente","status":"publish","type":"product","link":"https:\/\/equipment-pt3.com\/en\/product\/skil-8020-aa-soprador-de-ar-quente\/","title":{"rendered":"Skil 8020 AA Soprador de ar quente"},"content":{"rendered":"<ul>\n<li>O soprador de ar quente \u00e9 controlado eletronicamente, o que assegura uma temperatura est\u00e1vel da ferramenta<\/li>\n<li>Fun\u00e7\u00e3o de eje\u00e7\u00e3o do bocal para mudan\u00e7a e remo\u00e7\u00e3o segura de bocais<\/li>\n<li>O mecanismo de controlo constante da temperatura impede possibilita um trabalho cont\u00ednuo sem sobreaquecimentos<\/li>\n<li>Pode ser utilizado em combina\u00e7\u00e3o com bocais de redu\u00e7\u00e3o com um di\u00e2metro de sa\u00edda pequeno para trabalhos de soldadura e dessoldadura<\/li>\n<li>Ajuste cont\u00ednuo da temperatura at\u00e9 600 graus Celsius para uma ampla variedade de tarefas<\/li>\n<li>Uso seguro sem m\u00e3os para in\u00fameros trabalhos, gra\u00e7as \u00e0 posi\u00e7\u00e3o estacion\u00e1ria muito est\u00e1vel<\/li>\n<li>Dois ajustes do fluxo de ar, de 350 e 500 ltr\/min<\/li>\n<li>Softgrip para m\u00e1xima comodidade de utiliza\u00e7\u00e3o<\/li>\n<li>Ideal para remover tinta e adesivos, encerar e retirar cera de esquis e muito mais<\/li>\n<\/ul>","protected":false},"excerpt":{"rendered":"<p>O soprador de ar quente \u00e9 controlado eletronicamente, o que assegura uma temperatura est\u00e1vel da ferramenta Fun\u00e7\u00e3o de eje\u00e7\u00e3o do<\/p>","protected":false},"featured_media":29659,"template":"","meta":[],"product_brand":[67],"product_cat":[34],"product_tag":[],"class_list":{"0":"post-29501","1":"product","2":"type-product","3":"status-publish","4":"has-post-thumbnail","6":"product_brand-skil","7":"product_cat-ferramentas-eletricas","9":"first","10":"instock","11":"sale","12":"purchasable","13":"product-type-simple"},"_links":{"self":[{"href":"https:\/\/equipment-pt3.com\/en\/wp-json\/wp\/v2\/product\/29501","targetHints":{"allow":["GET"]}}],"collection":[{"href":"https:\/\/equipment-pt3.com\/en\/wp-json\/wp\/v2\/product"}],"about":[{"href":"https:\/\/equipment-pt3.com\/en\/wp-json\/wp\/v2\/types\/product"}],"version-history":[{"count":2,"href":"https:\/\/equipment-pt3.com\/en\/wp-json\/wp\/v2\/product\/29501\/revisions"}],"predecessor-version":[{"id":29661,"href":"https:\/\/equipment-pt3.com\/en\/wp-json\/wp\/v2\/product\/29501\/revisions\/29661"}],"wp:featuredmedia":[{"embeddable":true,"href":"https:\/\/equipment-pt3.com\/en\/wp-json\/wp\/v2\/media\/29659"}],"wp:attachment":[{"href":"https:\/\/equipment-pt3.com\/en\/wp-json\/wp\/v2\/media?parent=29501"}],"wp:term":[{"taxonomy":"product_brand","embeddable":true,"href":"https:\/\/equipment-pt3.com\/en\/wp-json\/wp\/v2\/product_brand?post=29501"},{"taxonomy":"product_cat","embeddable":true,"href":"https:\/\/equipment-pt3.com\/en\/wp-json\/wp\/v2\/product_cat?post=29501"},{"taxonomy":"product_tag","embeddable":true,"href":"https:\/\/equipment-pt3.com\/en\/wp-json\/wp\/v2\/product_tag?post=29501"}],"curies":[{"name":"wp","href":"https:\/\/api.w.org\/{rel}","templated":true}]}}