{"id":29502,"date":"2026-02-03T13:10:39","date_gmt":"2026-02-03T13:10:39","guid":{"rendered":"https:\/\/equipment-pt3.com\/produto\/pcl-pistola-c-manometro-12-bar\/"},"modified":"2026-02-12T10:35:11","modified_gmt":"2026-02-12T10:35:11","slug":"pcl-pistola-c-manometro-12-bar","status":"publish","type":"product","link":"https:\/\/equipment-pt3.com\/en\/product\/pcl-pistola-c-manometro-12-bar\/","title":{"rendered":"PCL Pistola c\/Man\u00f3metro 12 Bar"},"content":{"rendered":"<p>O AirForce II \u00e9 o insuflador de pneus port\u00e1til com mostrador anal\u00f3gico premium da PCL e a mais recente evolu\u00e7\u00e3o da sua linha de insufladores mec\u00e2nicos de alto desempenho. Concebido para responder \u00e0s exig\u00eancias modernas de um man\u00f3metro anal\u00f3gico numa oficina de pneus movimentada, o design AirForce, robusto e leve, foi ainda melhorado com um corpo em nylon e uma nova entrada met\u00e1lica, tornando a unidade t\u00e3o resistente como qualquer man\u00f3metro anal\u00f3gico de alto desempenho dispon\u00edvel atualmente no mercado.<\/p>\n<p>Com um mostrador de leitura f\u00e1cil e intuitiva para um enchimento de pneus r\u00e1pido e sem complica\u00e7\u00f5es, o AirForce II, equipado com um mostrador mec\u00e2nico de alto desempenho, cumpre as normas e certifica\u00e7\u00f5es BS EN 12645:2014 da ind\u00fastria em termos de precis\u00e3o, fiabilidade e robustez. Testes oficiais demonstraram que o AirForce II excede amplamente os requisitos aceites, permitindo aos operadores garantir um enchimento seguro, econ\u00f3mico e preciso.<\/p>\n<ul>\n<li>Custos operacionais reduzidos \u2013 design de v\u00e1lvula direta que aumenta as velocidades de enchimento e despressuriza\u00e7\u00e3o<\/li>\n<li>Custo total de propriedade reduzido \u2013 longa vida \u00fatil do produto e elevada versatilidade, permitindo uma utiliza\u00e7\u00e3o flex\u00edvel<\/li>\n<li>Precis\u00e3o garantida \u2013 testado individualmente e fornecido com certificado de calibra\u00e7\u00e3o<\/li>\n<li>Tubo de Bourdon comprovado em cobre-ber\u00edlio, garantindo robustez e elevada resist\u00eancia a choques<\/li>\n<li>Constru\u00e7\u00e3o moderna, leve e resistente a impactos<\/li>\n<\/ul>","protected":false},"excerpt":{"rendered":"<p>O AirForce II \u00e9 o insuflador de pneus port\u00e1til com mostrador anal\u00f3gico premium da PCL e a mais recente evolu\u00e7\u00e3o<\/p>","protected":false},"featured_media":29653,"template":"","meta":[],"product_brand":[91],"product_cat":[93],"product_tag":[],"class_list":{"0":"post-29502","1":"product","2":"type-product","3":"status-publish","4":"has-post-thumbnail","6":"product_brand-pcl","7":"product_cat-manometros-e-insufladores-de-pneus","9":"first","10":"instock","11":"sale","12":"purchasable","13":"product-type-simple"},"_links":{"self":[{"href":"https:\/\/equipment-pt3.com\/en\/wp-json\/wp\/v2\/product\/29502","targetHints":{"allow":["GET"]}}],"collection":[{"href":"https:\/\/equipment-pt3.com\/en\/wp-json\/wp\/v2\/product"}],"about":[{"href":"https:\/\/equipment-pt3.com\/en\/wp-json\/wp\/v2\/types\/product"}],"version-history":[{"count":2,"href":"https:\/\/equipment-pt3.com\/en\/wp-json\/wp\/v2\/product\/29502\/revisions"}],"predecessor-version":[{"id":29655,"href":"https:\/\/equipment-pt3.com\/en\/wp-json\/wp\/v2\/product\/29502\/revisions\/29655"}],"wp:featuredmedia":[{"embeddable":true,"href":"https:\/\/equipment-pt3.com\/en\/wp-json\/wp\/v2\/media\/29653"}],"wp:attachment":[{"href":"https:\/\/equipment-pt3.com\/en\/wp-json\/wp\/v2\/media?parent=29502"}],"wp:term":[{"taxonomy":"product_brand","embeddable":true,"href":"https:\/\/equipment-pt3.com\/en\/wp-json\/wp\/v2\/product_brand?post=29502"},{"taxonomy":"product_cat","embeddable":true,"href":"https:\/\/equipment-pt3.com\/en\/wp-json\/wp\/v2\/product_cat?post=29502"},{"taxonomy":"product_tag","embeddable":true,"href":"https:\/\/equipment-pt3.com\/en\/wp-json\/wp\/v2\/product_tag?post=29502"}],"curies":[{"name":"wp","href":"https:\/\/api.w.org\/{rel}","templated":true}]}}