{"id":29503,"date":"2026-02-03T13:10:39","date_gmt":"2026-02-03T13:10:39","guid":{"rendered":"https:\/\/equipment-pt3.com\/produto\/pcl-soprador-ar-270l-min\/"},"modified":"2026-02-12T10:35:38","modified_gmt":"2026-02-12T10:35:38","slug":"pcl-soprador-ar-270l-min","status":"publish","type":"product","link":"https:\/\/equipment-pt3.com\/en\/product\/pcl-soprador-ar-270l-min\/","title":{"rendered":"PCL Soprador ar 270l\/min"},"content":{"rendered":"<p>Esta pistola de soprar em pl\u00e1stico de n\u00edvel de entrada \u00e9 fabricada em resina acetal resistente a produtos qu\u00edmicos e a impactos.<\/p>\n<ul>\n<li>Punho de design ergon\u00f3mico para maior conforto de utiliza\u00e7\u00e3o<\/li>\n<li>V\u00e1lvula que permite ajustar o fluxo de ar atrav\u00e9s do gatilho<\/li>\n<li>Fornecida em embalagem de venda a retalho<\/li>\n<\/ul>","protected":false},"excerpt":{"rendered":"<p>Esta pistola de soprar em pl\u00e1stico de n\u00edvel de entrada \u00e9 fabricada em resina acetal resistente a produtos qu\u00edmicos e<\/p>","protected":false},"featured_media":29673,"template":"","meta":[],"product_brand":[91],"product_cat":[96],"product_tag":[],"class_list":{"0":"post-29503","1":"product","2":"type-product","3":"status-publish","4":"has-post-thumbnail","6":"product_brand-pcl","7":"product_cat-acessorios-de-ar-comprimido","9":"first","10":"instock","11":"sale","12":"purchasable","13":"product-type-simple"},"_links":{"self":[{"href":"https:\/\/equipment-pt3.com\/en\/wp-json\/wp\/v2\/product\/29503","targetHints":{"allow":["GET"]}}],"collection":[{"href":"https:\/\/equipment-pt3.com\/en\/wp-json\/wp\/v2\/product"}],"about":[{"href":"https:\/\/equipment-pt3.com\/en\/wp-json\/wp\/v2\/types\/product"}],"version-history":[{"count":1,"href":"https:\/\/equipment-pt3.com\/en\/wp-json\/wp\/v2\/product\/29503\/revisions"}],"predecessor-version":[{"id":29674,"href":"https:\/\/equipment-pt3.com\/en\/wp-json\/wp\/v2\/product\/29503\/revisions\/29674"}],"wp:featuredmedia":[{"embeddable":true,"href":"https:\/\/equipment-pt3.com\/en\/wp-json\/wp\/v2\/media\/29673"}],"wp:attachment":[{"href":"https:\/\/equipment-pt3.com\/en\/wp-json\/wp\/v2\/media?parent=29503"}],"wp:term":[{"taxonomy":"product_brand","embeddable":true,"href":"https:\/\/equipment-pt3.com\/en\/wp-json\/wp\/v2\/product_brand?post=29503"},{"taxonomy":"product_cat","embeddable":true,"href":"https:\/\/equipment-pt3.com\/en\/wp-json\/wp\/v2\/product_cat?post=29503"},{"taxonomy":"product_tag","embeddable":true,"href":"https:\/\/equipment-pt3.com\/en\/wp-json\/wp\/v2\/product_tag?post=29503"}],"curies":[{"name":"wp","href":"https:\/\/api.w.org\/{rel}","templated":true}]}}