{"id":29504,"date":"2026-02-03T13:10:40","date_gmt":"2026-02-03T13:10:40","guid":{"rendered":"https:\/\/equipment-pt3.com\/produto\/pcl-manometro-encher-pneus-digital-12-bar\/"},"modified":"2026-02-12T10:35:11","modified_gmt":"2026-02-12T10:35:11","slug":"pcl-manometro-encher-pneus-digital-12-bar","status":"publish","type":"product","link":"https:\/\/equipment-pt3.com\/en\/product\/pcl-manometro-encher-pneus-digital-12-bar\/","title":{"rendered":"PCL Man\u00f3metro Encher Pneus Digital 12 Bar"},"content":{"rendered":"<p>O insuflador de pneus DTI oferece uma excelente rela\u00e7\u00e3o qualidade\/pre\u00e7o e \u00e9 adequado para todo o tipo de aplica\u00e7\u00f5es em pneus, sendo capaz de insuflar at\u00e9 170 psi, o que o torna ideal para oficinas profissionais.<\/p>\n<p>Simples de utilizar, o gatilho manual para enchimento e o bot\u00e3o de despressuriza\u00e7\u00e3o acionado com o polegar permitem insuflar pneus de forma r\u00e1pida e precisa. Para zonas com pouca visibilidade, a retroilumina\u00e7\u00e3o melhora a leitura do ecr\u00e3 LCD, que inclui um indicador do n\u00edvel da bateria. O man\u00f3metro disp\u00f5e ainda de uma fun\u00e7\u00e3o de desligamento autom\u00e1tico para preservar a vida \u00fatil da bateria. Cada unidade \u00e9 individualmente serializada e fornecida com certificado de calibra\u00e7\u00e3o rastre\u00e1vel a normas internacionais. O DTI \u00e9 a alternativa interm\u00e9dia \u201cbetter\u201d da PCL ao modelo premium ACCURA 1, tornando o enchimento eletr\u00f3nico de n\u00edvel de entrada acess\u00edvel a todos.<\/p>\n<ul>\n<li>Ecr\u00e3 LCD grande, claro e de f\u00e1cil leitura, com retroilumina\u00e7\u00e3o<\/li>\n<li>Precis\u00e3o fi\u00e1vel (\u00b11 psi at\u00e9 60 psi e \u00b12 psi at\u00e9 150 psi), com testes e certifica\u00e7\u00e3o individuais<\/li>\n<li>F\u00e1cil e econ\u00f3mico de utilizar<\/li>\n<li>Manuten\u00e7\u00e3o simples e de baixo custo<\/li>\n<li>Longa dura\u00e7\u00e3o da bateria com indicador do n\u00edvel de carga<\/li>\n<\/ul>","protected":false},"excerpt":{"rendered":"<p>O insuflador de pneus DTI oferece uma excelente rela\u00e7\u00e3o qualidade\/pre\u00e7o e \u00e9 adequado para todo o tipo de aplica\u00e7\u00f5es em<\/p>","protected":false},"featured_media":29650,"template":"","meta":[],"product_brand":[91],"product_cat":[93],"product_tag":[],"class_list":{"0":"post-29504","1":"product","2":"type-product","3":"status-publish","4":"has-post-thumbnail","6":"product_brand-pcl","7":"product_cat-manometros-e-insufladores-de-pneus","9":"first","10":"instock","11":"sale","12":"purchasable","13":"product-type-simple"},"_links":{"self":[{"href":"https:\/\/equipment-pt3.com\/en\/wp-json\/wp\/v2\/product\/29504","targetHints":{"allow":["GET"]}}],"collection":[{"href":"https:\/\/equipment-pt3.com\/en\/wp-json\/wp\/v2\/product"}],"about":[{"href":"https:\/\/equipment-pt3.com\/en\/wp-json\/wp\/v2\/types\/product"}],"version-history":[{"count":2,"href":"https:\/\/equipment-pt3.com\/en\/wp-json\/wp\/v2\/product\/29504\/revisions"}],"predecessor-version":[{"id":29652,"href":"https:\/\/equipment-pt3.com\/en\/wp-json\/wp\/v2\/product\/29504\/revisions\/29652"}],"wp:featuredmedia":[{"embeddable":true,"href":"https:\/\/equipment-pt3.com\/en\/wp-json\/wp\/v2\/media\/29650"}],"wp:attachment":[{"href":"https:\/\/equipment-pt3.com\/en\/wp-json\/wp\/v2\/media?parent=29504"}],"wp:term":[{"taxonomy":"product_brand","embeddable":true,"href":"https:\/\/equipment-pt3.com\/en\/wp-json\/wp\/v2\/product_brand?post=29504"},{"taxonomy":"product_cat","embeddable":true,"href":"https:\/\/equipment-pt3.com\/en\/wp-json\/wp\/v2\/product_cat?post=29504"},{"taxonomy":"product_tag","embeddable":true,"href":"https:\/\/equipment-pt3.com\/en\/wp-json\/wp\/v2\/product_tag?post=29504"}],"curies":[{"name":"wp","href":"https:\/\/api.w.org\/{rel}","templated":true}]}}