{"id":29505,"date":"2026-02-03T13:10:40","date_gmt":"2026-02-03T13:10:40","guid":{"rendered":"https:\/\/equipment-pt3.com\/produto\/pcl-mk4-manometro-longo-encher-pneus-10bar\/"},"modified":"2026-02-12T10:35:11","modified_gmt":"2026-02-12T10:35:11","slug":"pcl-mk4-manometro-longo-encher-pneus-10bar","status":"publish","type":"product","link":"https:\/\/equipment-pt3.com\/en\/product\/pcl-mk4-manometro-longo-encher-pneus-10bar\/","title":{"rendered":"PCL MK4 Man\u00f3metro longo encher pneus 10Bar"},"content":{"rendered":"<p>O insuflador de pneus AIRFORCE\u00ae MK4 estabelece o padr\u00e3o de refer\u00eancia em precis\u00e3o, durabilidade e facilidade de utiliza\u00e7\u00e3o no enchimento profissional de pneus. Com um visor de alta visibilidade 20% maior, esta ferramenta de precis\u00e3o torna a verifica\u00e7\u00e3o e o ajuste da press\u00e3o dos pneus mais r\u00e1pidos e claros do que nunca. Desenvolvido com o avan\u00e7ado mecanismo de v\u00e1lvula de dois est\u00e1gios da PCL, o MK4 oferece leituras consistentes e fi\u00e1veis e uma vida \u00fatil superior \u00e0 dos insufladores de est\u00e1gio \u00fanico que dependem de filtros de prote\u00e7\u00e3o, os quais podem abrandar o enchimento e reduzir significativamente a durabilidade do produto. Orgulhosamente fabricado em Sheffield, este insuflador robusto foi testado de forma independente para realizar mais de dez vezes mais ciclos de enchimento do que o seu principal concorrente, ajudando oficinas, garagens e centros de servi\u00e7os de pneus a poupar tempo valioso e a reduzir custos de manuten\u00e7\u00e3o.<\/p>\n<p>Escolha o AIRFORCE\u00ae MK4 para um enchimento de pneus r\u00e1pido e preciso, no qual os profissionais do setor autom\u00f3vel confiam em todo o mundo.<\/p>\n<ul>\n<li>Nova janela de visualiza\u00e7\u00e3o maior \u2013 visor 20% maior para leituras da press\u00e3o dos pneus mais r\u00e1pidas e claras<\/li>\n<li>Design leve (923 g) \u2013 reduz a fadiga do utilizador e facilita o manuseamento em utiliza\u00e7\u00f5es repetitivas em oficinas movimentadas<\/li>\n<li>Formato biom\u00f3rfico ergon\u00f3mico \u2013 confort\u00e1vel de segurar, simples de operar e mais resistente a danos em caso de queda<\/li>\n<li>Mecanismo de v\u00e1lvula avan\u00e7ado de dois est\u00e1gios \u2013 permite a despressuriza\u00e7\u00e3o controlada sem necessidade de pressionar contra a press\u00e3o total da linha, reduzindo o esfor\u00e7o das m\u00e3os e melhorando a usabilidade<\/li>\n<li>Design melhorado do pist\u00e3o e das veda\u00e7\u00f5es \u2013 desenvolvido para menor fric\u00e7\u00e3o, sem corros\u00e3o interna e sem bloqueios, garantindo precis\u00e3o consistente e fiabilidade a longo prazo<\/li>\n<li>Padr\u00f5es de precis\u00e3o excecionais \u2013 testado de forma independente para mais de 400.000 ciclos mantendo 100% de precis\u00e3o<\/li>\n<li>Em conformidade com a norma BS EN 12645:2014 \u2013 cumpre os rigorosos padr\u00f5es da ind\u00fastria para ferramentas profissionais de enchimento de pneus<\/li>\n<\/ul>","protected":false},"excerpt":{"rendered":"<p>O insuflador de pneus AIRFORCE\u00ae MK4 estabelece o padr\u00e3o de refer\u00eancia em precis\u00e3o, durabilidade e facilidade de utiliza\u00e7\u00e3o no enchimento<\/p>","protected":false},"featured_media":29646,"template":"","meta":[],"product_brand":[91],"product_cat":[93],"product_tag":[],"class_list":{"0":"post-29505","1":"product","2":"type-product","3":"status-publish","4":"has-post-thumbnail","6":"product_brand-pcl","7":"product_cat-manometros-e-insufladores-de-pneus","9":"first","10":"instock","11":"sale","12":"purchasable","13":"product-type-simple"},"_links":{"self":[{"href":"https:\/\/equipment-pt3.com\/en\/wp-json\/wp\/v2\/product\/29505","targetHints":{"allow":["GET"]}}],"collection":[{"href":"https:\/\/equipment-pt3.com\/en\/wp-json\/wp\/v2\/product"}],"about":[{"href":"https:\/\/equipment-pt3.com\/en\/wp-json\/wp\/v2\/types\/product"}],"version-history":[{"count":1,"href":"https:\/\/equipment-pt3.com\/en\/wp-json\/wp\/v2\/product\/29505\/revisions"}],"predecessor-version":[{"id":29645,"href":"https:\/\/equipment-pt3.com\/en\/wp-json\/wp\/v2\/product\/29505\/revisions\/29645"}],"wp:featuredmedia":[{"embeddable":true,"href":"https:\/\/equipment-pt3.com\/en\/wp-json\/wp\/v2\/media\/29646"}],"wp:attachment":[{"href":"https:\/\/equipment-pt3.com\/en\/wp-json\/wp\/v2\/media?parent=29505"}],"wp:term":[{"taxonomy":"product_brand","embeddable":true,"href":"https:\/\/equipment-pt3.com\/en\/wp-json\/wp\/v2\/product_brand?post=29505"},{"taxonomy":"product_cat","embeddable":true,"href":"https:\/\/equipment-pt3.com\/en\/wp-json\/wp\/v2\/product_cat?post=29505"},{"taxonomy":"product_tag","embeddable":true,"href":"https:\/\/equipment-pt3.com\/en\/wp-json\/wp\/v2\/product_tag?post=29505"}],"curies":[{"name":"wp","href":"https:\/\/api.w.org\/{rel}","templated":true}]}}