{"id":29506,"date":"2026-02-03T13:10:40","date_gmt":"2026-02-03T13:10:40","guid":{"rendered":"https:\/\/equipment-pt3.com\/produto\/pcl-pistola-impacto-1-2-1400nm\/"},"modified":"2026-02-12T10:35:11","modified_gmt":"2026-02-12T10:35:11","slug":"pcl-pistola-impacto-1-2-1400nm","status":"publish","type":"product","link":"https:\/\/equipment-pt3.com\/en\/product\/pcl-pistola-impacto-1-2-1400nm\/","title":{"rendered":"PCL Pistola Impacto 1\/2 1400Nm"},"content":{"rendered":"<p>Equipada com uma carca\u00e7a comp\u00f3sita dur\u00e1vel e modos de rota\u00e7\u00e3o para a frente e para tr\u00e1s, esta chave de impacto PRESTIGE de 1\/2\u201d \u00e9 r\u00e1pida, potente e excecionalmente robusta.<\/p>\n<p>Concebida para uma utiliza\u00e7\u00e3o segura e confort\u00e1vel, disp\u00f5e de um punho em borracha soft grip antiderrapante, que protege contra o ar comprimido frio, e de um ajuste de velocidade em tr\u00eas n\u00edveis.<\/p>\n<p>Apesar de atingir uma velocidade de 7.000 RPM com uma press\u00e3o de trabalho de 90 PSI, esta chave de impacto robusta beneficia de baixos n\u00edveis de ru\u00eddo e vibra\u00e7\u00e3o.<\/p>\n<p>O mecanismo de martelo duplo proporciona maior pot\u00eancia e impactos suaves e equilibrados, enquanto o motor de alto desempenho debita um bin\u00e1rio de 1.400 Nm.<\/p>\n<p>Trata-se de um produto robusto e f\u00e1cil de utilizar, adequado tanto para aprendizes como para t\u00e9cnicos experientes, sendo ideal para trabalhos pesados na \u00e1rea autom\u00f3vel e de cami\u00f5es, como troca de pneus, trabalhos em amortecedores e molas, interven\u00e7\u00f5es na frente do ve\u00edculo e todas as aplica\u00e7\u00f5es onde s\u00e3o necess\u00e1rias ferramentas extra potentes.<\/p>\n<ul>\n<li>Modos de rota\u00e7\u00e3o para a frente e para tr\u00e1s<\/li>\n<li>Bin\u00e1rio m\u00e1ximo elevado de 1.400 Nm<\/li>\n<li>Ajuste de velocidade em tr\u00eas n\u00edveis<\/li>\n<li>Mecanismo de martelo duplo de alto desempenho<\/li>\n<li>Baixa vibra\u00e7\u00e3o<\/li>\n<li>Carca\u00e7a comp\u00f3sita dur\u00e1vel<\/li>\n<li>Punho em borracha soft grip antiderrapante, que protege contra o ar frio e garante conforto ao utilizador<\/li>\n<\/ul>","protected":false},"excerpt":{"rendered":"<p>Equipada com uma carca\u00e7a comp\u00f3sita dur\u00e1vel e modos de rota\u00e7\u00e3o para a frente e para tr\u00e1s, esta chave de impacto<\/p>","protected":false},"featured_media":29647,"template":"","meta":[],"product_brand":[91],"product_cat":[89],"product_tag":[],"class_list":{"0":"post-29506","1":"product","2":"type-product","3":"status-publish","4":"has-post-thumbnail","6":"product_brand-pcl","7":"product_cat-ferramentas-pneumaticas","9":"first","10":"instock","11":"sale","12":"purchasable","13":"product-type-simple"},"_links":{"self":[{"href":"https:\/\/equipment-pt3.com\/en\/wp-json\/wp\/v2\/product\/29506","targetHints":{"allow":["GET"]}}],"collection":[{"href":"https:\/\/equipment-pt3.com\/en\/wp-json\/wp\/v2\/product"}],"about":[{"href":"https:\/\/equipment-pt3.com\/en\/wp-json\/wp\/v2\/types\/product"}],"version-history":[{"count":3,"href":"https:\/\/equipment-pt3.com\/en\/wp-json\/wp\/v2\/product\/29506\/revisions"}],"predecessor-version":[{"id":29649,"href":"https:\/\/equipment-pt3.com\/en\/wp-json\/wp\/v2\/product\/29506\/revisions\/29649"}],"wp:featuredmedia":[{"embeddable":true,"href":"https:\/\/equipment-pt3.com\/en\/wp-json\/wp\/v2\/media\/29647"}],"wp:attachment":[{"href":"https:\/\/equipment-pt3.com\/en\/wp-json\/wp\/v2\/media?parent=29506"}],"wp:term":[{"taxonomy":"product_brand","embeddable":true,"href":"https:\/\/equipment-pt3.com\/en\/wp-json\/wp\/v2\/product_brand?post=29506"},{"taxonomy":"product_cat","embeddable":true,"href":"https:\/\/equipment-pt3.com\/en\/wp-json\/wp\/v2\/product_cat?post=29506"},{"taxonomy":"product_tag","embeddable":true,"href":"https:\/\/equipment-pt3.com\/en\/wp-json\/wp\/v2\/product_tag?post=29506"}],"curies":[{"name":"wp","href":"https:\/\/api.w.org\/{rel}","templated":true}]}}