{"id":29507,"date":"2026-02-03T13:10:41","date_gmt":"2026-02-03T13:10:41","guid":{"rendered":"https:\/\/equipment-pt3.com\/produto\/pcl-pistola-impacto-longa-1-2712nm\/"},"modified":"2026-02-12T10:35:11","modified_gmt":"2026-02-12T10:35:11","slug":"pcl-pistola-impacto-longa-1-2712nm","status":"publish","type":"product","link":"https:\/\/equipment-pt3.com\/en\/product\/pcl-pistola-impacto-longa-1-2712nm\/","title":{"rendered":"PCL Pistola Impacto Longa 1&#8243; 2712Nm"},"content":{"rendered":"<p>A excelente rela\u00e7\u00e3o pot\u00eancia\/peso da Prestige APP271 torna-a uma das chaves de impacto de 1\u201d mais populares do mercado. Esta unidade robusta lida facilmente com as exig\u00eancias intensas de oficinas de troca de pneus pesados.<\/p>\n<ul>\n<li>Rela\u00e7\u00e3o pot\u00eancia\/peso superior \u2013 2.712 Nm a 7,9 kg<\/li>\n<li>Mecanismo de martelo duplo que proporciona pot\u00eancia m\u00e1xima<\/li>\n<li>Haste de 6\u201d<\/li>\n<li>Entrada de ar rotativa que evita a tor\u00e7\u00e3o da mangueira<\/li>\n<li>Punho lateral para maior controlo e precis\u00e3o<\/li>\n<\/ul>","protected":false},"excerpt":{"rendered":"<p>A excelente rela\u00e7\u00e3o pot\u00eancia\/peso da Prestige APP271 torna-a uma das chaves de impacto de 1\u201d mais populares do mercado. Esta<\/p>","protected":false},"featured_media":29631,"template":"","meta":[],"product_brand":[91],"product_cat":[89],"product_tag":[],"class_list":{"0":"post-29507","1":"product","2":"type-product","3":"status-publish","4":"has-post-thumbnail","6":"product_brand-pcl","7":"product_cat-ferramentas-pneumaticas","9":"first","10":"instock","11":"sale","12":"purchasable","13":"product-type-simple"},"_links":{"self":[{"href":"https:\/\/equipment-pt3.com\/en\/wp-json\/wp\/v2\/product\/29507","targetHints":{"allow":["GET"]}}],"collection":[{"href":"https:\/\/equipment-pt3.com\/en\/wp-json\/wp\/v2\/product"}],"about":[{"href":"https:\/\/equipment-pt3.com\/en\/wp-json\/wp\/v2\/types\/product"}],"version-history":[{"count":1,"href":"https:\/\/equipment-pt3.com\/en\/wp-json\/wp\/v2\/product\/29507\/revisions"}],"predecessor-version":[{"id":29632,"href":"https:\/\/equipment-pt3.com\/en\/wp-json\/wp\/v2\/product\/29507\/revisions\/29632"}],"wp:featuredmedia":[{"embeddable":true,"href":"https:\/\/equipment-pt3.com\/en\/wp-json\/wp\/v2\/media\/29631"}],"wp:attachment":[{"href":"https:\/\/equipment-pt3.com\/en\/wp-json\/wp\/v2\/media?parent=29507"}],"wp:term":[{"taxonomy":"product_brand","embeddable":true,"href":"https:\/\/equipment-pt3.com\/en\/wp-json\/wp\/v2\/product_brand?post=29507"},{"taxonomy":"product_cat","embeddable":true,"href":"https:\/\/equipment-pt3.com\/en\/wp-json\/wp\/v2\/product_cat?post=29507"},{"taxonomy":"product_tag","embeddable":true,"href":"https:\/\/equipment-pt3.com\/en\/wp-json\/wp\/v2\/product_tag?post=29507"}],"curies":[{"name":"wp","href":"https:\/\/api.w.org\/{rel}","templated":true}]}}