{"id":29511,"date":"2026-02-03T13:10:41","date_gmt":"2026-02-03T13:10:41","guid":{"rendered":"https:\/\/equipment-pt3.com\/produto\/pcl-enrolador-mangueira-ar-8mt-diam-8mm\/"},"modified":"2026-02-12T10:35:11","modified_gmt":"2026-02-12T10:35:11","slug":"pcl-enrolador-mangueira-ar-8mt-diam-8mm","status":"publish","type":"product","link":"https:\/\/equipment-pt3.com\/en\/product\/pcl-enrolador-mangueira-ar-8mt-diam-8mm\/","title":{"rendered":"PCL Enrolador Mangueira ar 8mt diam 8mm"},"content":{"rendered":"<p>Apresentamos os enroladores de mangueira Bench Top da PCL. O seu tamanho compacto torna-os ideais para ambientes confinados onde o espa\u00e7o \u00e9 um fator cr\u00edtico.<\/p>\n<p>Os enroladores foram especificamente concebidos para utiliza\u00e7\u00e3o com ar comprimido em garagens, oficinas e aplica\u00e7\u00f5es industriais, estando dispon\u00edveis com diferentes comprimentos e di\u00e2metros de mangueira para responder \u00e0s necessidades do utilizador.<\/p>\n<p>O recolhimento autom\u00e1tico \u00e9 standard, permitindo armazenar a mangueira de forma organizada, sem dobras, n\u00f3s ou esfor\u00e7o, facilitando a utiliza\u00e7\u00e3o e reduzindo o tempo n\u00e3o produtivo. Cada modelo inclui um batente de mangueira que pode parar em qualquer posi\u00e7\u00e3o e \u00e9 ajust\u00e1vel com um simples movimento de alavanca. Esta funcionalidade inovadora de poupan\u00e7a de tempo \u00e9 uma estreia na ind\u00fastria.<\/p>\n<p>Os enroladores s\u00e3o f\u00e1ceis de manter, incluindo escovas de limpeza integradas de s\u00e9rie para evitar que detritos sejam recolhidos para o interior do enrolador, o que poderia causar falhas no sistema de enrolamento. Incluem ainda um suporte de fixa\u00e7\u00e3o \u00e0 parede em a\u00e7o, com rota\u00e7\u00e3o de 180\u00b0, que permite uma utiliza\u00e7\u00e3o mais c\u00f3moda e vers\u00e1til.<\/p>\n<ul>\n<li>Batente de mangueira ajust\u00e1vel \u2013 reduz o tempo n\u00e3o produtivo<\/li>\n<li>Recolhimento autom\u00e1tico \u2013 rebobina a mangueira de forma f\u00e1cil e suave<\/li>\n<li>Escova de limpeza integrada de s\u00e9rie para manter a mangueira limpa<\/li>\n<li>Suporte de fixa\u00e7\u00e3o \u00e0 parede em a\u00e7o com rota\u00e7\u00e3o de 180\u00b0<\/li>\n<li>Constru\u00e7\u00e3o em polipropileno de alto impacto para m\u00e1xima durabilidade<\/li>\n<li>F\u00e1cil manuten\u00e7\u00e3o, longa vida \u00fatil e baixos custos ao longo do ciclo de vida<\/li>\n<li>Rosca de sa\u00edda em cobre com tampa antip\u00f3<\/li>\n<li>Fornecido com mangueira de alimenta\u00e7\u00e3o pr\u00e9-montada<\/li>\n<\/ul>","protected":false},"excerpt":{"rendered":"<p>Apresentamos os enroladores de mangueira Bench Top da PCL. O seu tamanho compacto torna-os ideais para ambientes confinados onde o<\/p>","protected":false},"featured_media":29591,"template":"","meta":[],"product_brand":[91],"product_cat":[92],"product_tag":[],"class_list":{"0":"post-29511","1":"product","2":"type-product","3":"status-publish","4":"has-post-thumbnail","6":"product_brand-pcl","7":"product_cat-enroladores-de-mangueira","9":"first","10":"instock","11":"sale","12":"purchasable","13":"product-type-simple"},"_links":{"self":[{"href":"https:\/\/equipment-pt3.com\/en\/wp-json\/wp\/v2\/product\/29511","targetHints":{"allow":["GET"]}}],"collection":[{"href":"https:\/\/equipment-pt3.com\/en\/wp-json\/wp\/v2\/product"}],"about":[{"href":"https:\/\/equipment-pt3.com\/en\/wp-json\/wp\/v2\/types\/product"}],"version-history":[{"count":2,"href":"https:\/\/equipment-pt3.com\/en\/wp-json\/wp\/v2\/product\/29511\/revisions"}],"predecessor-version":[{"id":29620,"href":"https:\/\/equipment-pt3.com\/en\/wp-json\/wp\/v2\/product\/29511\/revisions\/29620"}],"wp:featuredmedia":[{"embeddable":true,"href":"https:\/\/equipment-pt3.com\/en\/wp-json\/wp\/v2\/media\/29591"}],"wp:attachment":[{"href":"https:\/\/equipment-pt3.com\/en\/wp-json\/wp\/v2\/media?parent=29511"}],"wp:term":[{"taxonomy":"product_brand","embeddable":true,"href":"https:\/\/equipment-pt3.com\/en\/wp-json\/wp\/v2\/product_brand?post=29511"},{"taxonomy":"product_cat","embeddable":true,"href":"https:\/\/equipment-pt3.com\/en\/wp-json\/wp\/v2\/product_cat?post=29511"},{"taxonomy":"product_tag","embeddable":true,"href":"https:\/\/equipment-pt3.com\/en\/wp-json\/wp\/v2\/product_tag?post=29511"}],"curies":[{"name":"wp","href":"https:\/\/api.w.org\/{rel}","templated":true}]}}