{"id":29512,"date":"2026-02-03T13:10:41","date_gmt":"2026-02-03T13:10:41","guid":{"rendered":"https:\/\/equipment-pt3.com\/produto\/pcl-medidor-de-pressao-dos-pneus-digital\/"},"modified":"2026-02-13T12:24:49","modified_gmt":"2026-02-13T12:24:49","slug":"pcl-medidor-de-pressao-dos-pneus-digital","status":"publish","type":"product","link":"https:\/\/equipment-pt3.com\/en\/product\/pcl-medidor-de-pressao-dos-pneus-digital\/","title":{"rendered":"PCL Medidor de press\u00e3o dos pneus digital"},"content":{"rendered":"<p>O man\u00f3metro digital de press\u00e3o de pneus DTPG8 oferece flexibilidade, juntamente com poupan\u00e7a de tempo e custos. Com desligamento autom\u00e1tico ao fim de 30 segundos e um ecr\u00e3 grande retroiluminado para f\u00e1cil leitura em ambientes escuros ou com pouca luz, a sua cabe\u00e7a rotativa permite um acesso simples \u00e0 v\u00e1lvula do pneu. Concebido para uma utiliza\u00e7\u00e3o simples, basta premir o bot\u00e3o \u201cON\u201d e o man\u00f3metro fica pronto a usar, apresentando a press\u00e3o do pneu numa escolha de quatro unidades de medida.<\/p>\n<ul>\n<li>4 op\u00e7\u00f5es de medi\u00e7\u00e3o \u2013 psi \/ bar \/ kPa \/ kg\/cm\u00b2<\/li>\n<li>Ecr\u00e3 grande, claro e de f\u00e1cil leitura<\/li>\n<li>Pilhas substitu\u00edveis 2 x AAA \/ LR03<\/li>\n<li>Ecr\u00e3 retroiluminado para leitura f\u00e1cil em ambientes escuros ou com pouca luz<\/li>\n<li>Fornecido com certificado de calibra\u00e7\u00e3o<\/li>\n<\/ul>","protected":false},"excerpt":{"rendered":"<p>O man\u00f3metro digital de press\u00e3o de pneus DTPG8 oferece flexibilidade, juntamente com poupan\u00e7a de tempo e custos. Com desligamento autom\u00e1tico<\/p>","protected":false},"featured_media":29644,"template":"","meta":[],"product_brand":[91],"product_cat":[93],"product_tag":[],"class_list":{"0":"post-29512","1":"product","2":"type-product","3":"status-publish","4":"has-post-thumbnail","6":"product_brand-pcl","7":"product_cat-manometros-e-insufladores-de-pneus","9":"first","10":"instock","11":"sale","12":"purchasable","13":"product-type-simple"},"_links":{"self":[{"href":"https:\/\/equipment-pt3.com\/en\/wp-json\/wp\/v2\/product\/29512","targetHints":{"allow":["GET"]}}],"collection":[{"href":"https:\/\/equipment-pt3.com\/en\/wp-json\/wp\/v2\/product"}],"about":[{"href":"https:\/\/equipment-pt3.com\/en\/wp-json\/wp\/v2\/types\/product"}],"version-history":[{"count":1,"href":"https:\/\/equipment-pt3.com\/en\/wp-json\/wp\/v2\/product\/29512\/revisions"}],"predecessor-version":[{"id":29643,"href":"https:\/\/equipment-pt3.com\/en\/wp-json\/wp\/v2\/product\/29512\/revisions\/29643"}],"wp:featuredmedia":[{"embeddable":true,"href":"https:\/\/equipment-pt3.com\/en\/wp-json\/wp\/v2\/media\/29644"}],"wp:attachment":[{"href":"https:\/\/equipment-pt3.com\/en\/wp-json\/wp\/v2\/media?parent=29512"}],"wp:term":[{"taxonomy":"product_brand","embeddable":true,"href":"https:\/\/equipment-pt3.com\/en\/wp-json\/wp\/v2\/product_brand?post=29512"},{"taxonomy":"product_cat","embeddable":true,"href":"https:\/\/equipment-pt3.com\/en\/wp-json\/wp\/v2\/product_cat?post=29512"},{"taxonomy":"product_tag","embeddable":true,"href":"https:\/\/equipment-pt3.com\/en\/wp-json\/wp\/v2\/product_tag?post=29512"}],"curies":[{"name":"wp","href":"https:\/\/api.w.org\/{rel}","templated":true}]}}