{"id":29513,"date":"2026-02-03T13:10:41","date_gmt":"2026-02-03T13:10:41","guid":{"rendered":"https:\/\/equipment-pt3.com\/produto\/pcl-balanca-de-pe\/"},"modified":"2026-02-12T10:35:11","modified_gmt":"2026-02-12T10:35:11","slug":"pcl-balanca-de-pe","status":"publish","type":"product","link":"https:\/\/equipment-pt3.com\/en\/product\/pcl-balanca-de-pe\/","title":{"rendered":"PCL Balan\u00e7a de pavimento"},"content":{"rendered":"<p>A cl\u00e1ssica balan\u00e7a de pavimento PCL \u00e9 uma unidade port\u00e1til de enchimento de pneus, popular entre propriet\u00e1rios de oficinas em todo o mundo h\u00e1 mais de 40 anos, sendo comummente conhecido como \u201cPG\u201d.<\/p>\n<p>O seu visor em vidro temperado, claro e resistente, possui uma face inclinada que evita a acumula\u00e7\u00e3o de \u00e1gua da chuva, tornando-o ideal para utiliza\u00e7\u00e3o no exterior.<\/p>\n<p>Com funcionamento simples por bot\u00e3o de press\u00e3o e um gancho pr\u00e1tico para reten\u00e7\u00e3o da mangueira, o PG da PCL \u00e9 um produto pr\u00e1tico, compacto e com excelente rela\u00e7\u00e3o qualidade\/pre\u00e7o, totalmente em conformidade com as normas CE.<\/p>\n<ul>\n<li>Robusto, fabricado em liga de alta resist\u00eancia com base em borracha absorvente de impactos<\/li>\n<li>Leve e f\u00e1cil de transportar<\/li>\n<li>Visor em vidro temperado de f\u00e1cil leitura<\/li>\n<li>Funcionamento simples por bot\u00e3o de press\u00e3o<\/li>\n<\/ul>","protected":false},"excerpt":{"rendered":"<p>A cl\u00e1ssica balan\u00e7a de pavimento PCL \u00e9 uma unidade port\u00e1til de enchimento de pneus, popular entre propriet\u00e1rios de oficinas em<\/p>","protected":false},"featured_media":29634,"template":"","meta":[],"product_brand":[91],"product_cat":[93],"product_tag":[],"class_list":{"0":"post-29513","1":"product","2":"type-product","3":"status-publish","4":"has-post-thumbnail","6":"product_brand-pcl","7":"product_cat-manometros-e-insufladores-de-pneus","9":"first","10":"instock","11":"sale","12":"purchasable","13":"product-type-simple"},"_links":{"self":[{"href":"https:\/\/equipment-pt3.com\/en\/wp-json\/wp\/v2\/product\/29513","targetHints":{"allow":["GET"]}}],"collection":[{"href":"https:\/\/equipment-pt3.com\/en\/wp-json\/wp\/v2\/product"}],"about":[{"href":"https:\/\/equipment-pt3.com\/en\/wp-json\/wp\/v2\/types\/product"}],"version-history":[{"count":3,"href":"https:\/\/equipment-pt3.com\/en\/wp-json\/wp\/v2\/product\/29513\/revisions"}],"predecessor-version":[{"id":29636,"href":"https:\/\/equipment-pt3.com\/en\/wp-json\/wp\/v2\/product\/29513\/revisions\/29636"}],"wp:featuredmedia":[{"embeddable":true,"href":"https:\/\/equipment-pt3.com\/en\/wp-json\/wp\/v2\/media\/29634"}],"wp:attachment":[{"href":"https:\/\/equipment-pt3.com\/en\/wp-json\/wp\/v2\/media?parent=29513"}],"wp:term":[{"taxonomy":"product_brand","embeddable":true,"href":"https:\/\/equipment-pt3.com\/en\/wp-json\/wp\/v2\/product_brand?post=29513"},{"taxonomy":"product_cat","embeddable":true,"href":"https:\/\/equipment-pt3.com\/en\/wp-json\/wp\/v2\/product_cat?post=29513"},{"taxonomy":"product_tag","embeddable":true,"href":"https:\/\/equipment-pt3.com\/en\/wp-json\/wp\/v2\/product_tag?post=29513"}],"curies":[{"name":"wp","href":"https:\/\/api.w.org\/{rel}","templated":true}]}}