{"id":29514,"date":"2026-02-03T13:10:42","date_gmt":"2026-02-03T13:10:42","guid":{"rendered":"https:\/\/equipment-pt3.com\/produto\/pcl-pistola-de-soprar-ergo-1-4-bico-longo\/"},"modified":"2026-02-12T10:34:34","modified_gmt":"2026-02-12T10:34:34","slug":"pcl-pistola-de-soprar-ergo-1-4-bico-longo","status":"publish","type":"product","link":"https:\/\/equipment-pt3.com\/en\/product\/pcl-pistola-de-soprar-ergo-1-4-bico-longo\/","title":{"rendered":"PCL Pistola de soprar ERGO 1\/4 bico longo"},"content":{"rendered":"<p>Esta pistola de soprar Ergo de gama m\u00e9dia, robusta e concebida no Reino Unido, com bico c\u00f3nico prolongado, \u00e9 fabricada em nylon Zytel dur\u00e1vel e oferece uma excelente ergonomia e sensa\u00e7\u00e3o ao toque. Incorpora uma nova v\u00e1lvula de liberta\u00e7\u00e3o de ar, integrada no corpo, que permite um controlo progressivo do gatilho e do fluxo de ar.<\/p>\n<ul>\n<li>Estrutura refor\u00e7ada para maior resist\u00eancia e confian\u00e7a<\/li>\n<li>Armazenamento f\u00e1cil com v\u00e1rios pontos de suspens\u00e3o, criando espa\u00e7o adicional e maior robustez na zona do punho<\/li>\n<li>Nova v\u00e1lvula de liberta\u00e7\u00e3o de ar integrada no corpo que permite um controlo progressivo do gatilho\/fluxo de ar<\/li>\n<li>Entrada em lat\u00e3o f\u00eamea Rp 1\/4 para maior durabilidade<\/li>\n<li>Bico que pode ser cortado e dobrado para se adaptar a aplica\u00e7\u00f5es espec\u00edficas<\/li>\n<\/ul>","protected":false},"excerpt":{"rendered":"<p>Esta pistola de soprar Ergo de gama m\u00e9dia, robusta e concebida no Reino Unido, com bico c\u00f3nico prolongado, \u00e9 fabricada<\/p>","protected":false},"featured_media":29595,"template":"","meta":[],"product_brand":[91],"product_cat":[96],"product_tag":[],"class_list":{"0":"post-29514","1":"product","2":"type-product","3":"status-publish","4":"has-post-thumbnail","6":"product_brand-pcl","7":"product_cat-acessorios-de-ar-comprimido","9":"first","10":"instock","11":"sale","12":"purchasable","13":"product-type-simple"},"_links":{"self":[{"href":"https:\/\/equipment-pt3.com\/en\/wp-json\/wp\/v2\/product\/29514","targetHints":{"allow":["GET"]}}],"collection":[{"href":"https:\/\/equipment-pt3.com\/en\/wp-json\/wp\/v2\/product"}],"about":[{"href":"https:\/\/equipment-pt3.com\/en\/wp-json\/wp\/v2\/types\/product"}],"version-history":[{"count":2,"href":"https:\/\/equipment-pt3.com\/en\/wp-json\/wp\/v2\/product\/29514\/revisions"}],"predecessor-version":[{"id":29597,"href":"https:\/\/equipment-pt3.com\/en\/wp-json\/wp\/v2\/product\/29514\/revisions\/29597"}],"wp:featuredmedia":[{"embeddable":true,"href":"https:\/\/equipment-pt3.com\/en\/wp-json\/wp\/v2\/media\/29595"}],"wp:attachment":[{"href":"https:\/\/equipment-pt3.com\/en\/wp-json\/wp\/v2\/media?parent=29514"}],"wp:term":[{"taxonomy":"product_brand","embeddable":true,"href":"https:\/\/equipment-pt3.com\/en\/wp-json\/wp\/v2\/product_brand?post=29514"},{"taxonomy":"product_cat","embeddable":true,"href":"https:\/\/equipment-pt3.com\/en\/wp-json\/wp\/v2\/product_cat?post=29514"},{"taxonomy":"product_tag","embeddable":true,"href":"https:\/\/equipment-pt3.com\/en\/wp-json\/wp\/v2\/product_tag?post=29514"}],"curies":[{"name":"wp","href":"https:\/\/api.w.org\/{rel}","templated":true}]}}