{"id":29515,"date":"2026-02-03T13:10:42","date_gmt":"2026-02-03T13:10:42","guid":{"rendered":"https:\/\/equipment-pt3.com\/produto\/pcl-enrolador-mangueira-ar-20mt-diam-10mm\/"},"modified":"2026-02-12T10:34:34","modified_gmt":"2026-02-12T10:34:34","slug":"pcl-enrolador-mangueira-ar-20mt-diam-10mm","status":"publish","type":"product","link":"https:\/\/equipment-pt3.com\/en\/product\/pcl-enrolador-mangueira-ar-20mt-diam-10mm\/","title":{"rendered":"PCL Enrolador Mangueira ar 20mt diam 10mm"},"content":{"rendered":"<p>Apresentamos os novos enroladores de mangueira Workshop Pro de tamanho m\u00e9dio da PCL, dispon\u00edveis com diferentes comprimentos e di\u00e2metros de mangueira para se adaptarem \u00e0s necessidades do utilizador.<\/p>\n<p>Concebidos com a seguran\u00e7a em mente, estes novos enroladores de mangueira incluem um mecanismo de recolhimento lento, demorando at\u00e9 9 segundos a recolher totalmente, evitando a perda acidental de controlo da mangueira durante o recolhimento e reduzindo o risco de ferimentos ou danos.<\/p>\n<p>O recolhimento autom\u00e1tico \u00e9 standard, permitindo guardar a mangueira de forma organizada, sem dobras, n\u00f3s ou esfor\u00e7o, facilitando a utiliza\u00e7\u00e3o e reduzindo o tempo n\u00e3o produtivo. Cada modelo possui um batente de mangueira que pode parar em qualquer posi\u00e7\u00e3o e \u00e9 ajust\u00e1vel com um simples movimento de alavanca. Esta nova funcionalidade de poupan\u00e7a de tempo \u00e9 uma novidade na ind\u00fastria.<\/p>\n<p>Os enroladores de mangueira s\u00e3o f\u00e1ceis de manter, com escovas de limpeza integradas inclu\u00eddas de s\u00e9rie para evitar que detritos sejam recolhidos para o interior do enrolador, o que poderia causar falhas no sistema de enrolamento. Foram especificamente concebidos para utiliza\u00e7\u00e3o com ar comprimido em garagens, oficinas e aplica\u00e7\u00f5es industriais.<\/p>\n<ul>\n<li>Recolhimento lento \u2013 at\u00e9 9 segundos para recolhimento total \u2013 garante seguran\u00e7a no local de trabalho<\/li>\n<li>Batente de mangueira ajust\u00e1vel e f\u00e1cil de utilizar \u2013 reduz o tempo n\u00e3o produtivo<\/li>\n<li>Recolhimento autom\u00e1tico \u2013 rebobina a mangueira de forma f\u00e1cil e suave<\/li>\n<li>Escova de limpeza integrada de s\u00e9rie para manter a mangueira limpa<\/li>\n<li>F\u00e1cil manuten\u00e7\u00e3o, longa vida \u00fatil e baixos custos ao longo do ciclo de vida<\/li>\n<li>Constru\u00e7\u00e3o em polipropileno de alto impacto para m\u00e1xima durabilidade<\/li>\n<li>Produto e embalagem com design apelativo<\/li>\n<li>Rosca de sa\u00edda em cobre com tampa antip\u00f3<\/li>\n<li>Suporte de fixa\u00e7\u00e3o \u00e0 parede em a\u00e7o com rota\u00e7\u00e3o de 180\u00b0<\/li>\n<li>Fornecido com mangueira de alimenta\u00e7\u00e3o pr\u00e9-montada<\/li>\n<\/ul>","protected":false},"excerpt":{"rendered":"<p>Apresentamos os novos enroladores de mangueira Workshop Pro de tamanho m\u00e9dio da PCL, dispon\u00edveis com diferentes comprimentos e di\u00e2metros de<\/p>","protected":false},"featured_media":29591,"template":"","meta":[],"product_brand":[91],"product_cat":[92],"product_tag":[],"class_list":{"0":"post-29515","1":"product","2":"type-product","3":"status-publish","4":"has-post-thumbnail","6":"product_brand-pcl","7":"product_cat-enroladores-de-mangueira","9":"first","10":"instock","11":"sale","12":"purchasable","13":"product-type-simple"},"_links":{"self":[{"href":"https:\/\/equipment-pt3.com\/en\/wp-json\/wp\/v2\/product\/29515","targetHints":{"allow":["GET"]}}],"collection":[{"href":"https:\/\/equipment-pt3.com\/en\/wp-json\/wp\/v2\/product"}],"about":[{"href":"https:\/\/equipment-pt3.com\/en\/wp-json\/wp\/v2\/types\/product"}],"version-history":[{"count":2,"href":"https:\/\/equipment-pt3.com\/en\/wp-json\/wp\/v2\/product\/29515\/revisions"}],"predecessor-version":[{"id":29590,"href":"https:\/\/equipment-pt3.com\/en\/wp-json\/wp\/v2\/product\/29515\/revisions\/29590"}],"wp:featuredmedia":[{"embeddable":true,"href":"https:\/\/equipment-pt3.com\/en\/wp-json\/wp\/v2\/media\/29591"}],"wp:attachment":[{"href":"https:\/\/equipment-pt3.com\/en\/wp-json\/wp\/v2\/media?parent=29515"}],"wp:term":[{"taxonomy":"product_brand","embeddable":true,"href":"https:\/\/equipment-pt3.com\/en\/wp-json\/wp\/v2\/product_brand?post=29515"},{"taxonomy":"product_cat","embeddable":true,"href":"https:\/\/equipment-pt3.com\/en\/wp-json\/wp\/v2\/product_cat?post=29515"},{"taxonomy":"product_tag","embeddable":true,"href":"https:\/\/equipment-pt3.com\/en\/wp-json\/wp\/v2\/product_tag?post=29515"}],"curies":[{"name":"wp","href":"https:\/\/api.w.org\/{rel}","templated":true}]}}