{"id":29517,"date":"2026-02-03T13:10:42","date_gmt":"2026-02-03T13:10:42","guid":{"rendered":"https:\/\/equipment-pt3.com\/produto\/pcl-mangueira-14-bar-10-mt-o-3-8-ligacoes-1-4f\/"},"modified":"2026-02-12T10:35:11","modified_gmt":"2026-02-12T10:35:11","slug":"pcl-mangueira-14-bar-10-mt-o-3-8-ligacoes-1-4f","status":"publish","type":"product","link":"https:\/\/equipment-pt3.com\/en\/product\/pcl-mangueira-14-bar-10-mt-o-3-8-ligacoes-1-4f\/","title":{"rendered":"PCL Mangueira 14 bar 10 mt \u00d8 3\/8 liga\u00e7\u00f5es 1\/4F"},"content":{"rendered":"<p>A mangueira SuperFlex de 10 m da PCL, com di\u00e2metro interno de 9,5 mm (3\/8\u201d), foi concebida para ser extremamente flex\u00edvel e resistente ao desgaste. Altamente resistente \u00e0 radia\u00e7\u00e3o ultravioleta e a uma vasta gama de \u00e1cidos e \u00e1lcalis, os conjuntos SuperFlex oferecem uma vida \u00fatil mais longa e s\u00e3o adequados para uma maior variedade de aplica\u00e7\u00f5es.<\/p>\n<p>Al\u00e9m disso, a SuperFlex apresenta caracter\u00edsticas anti-dobra, eliminando vincos na mangueira e garantindo uma perda m\u00ednima de caudal de ar.<\/p>\n<ul>\n<li>Revestimento soft touch para excelente manuseamento \u2013 maior conforto para o utilizador<\/li>\n<li>Extremamente flex\u00edvel com \u00f3timas caracter\u00edsticas anti-dobra \u2013 perda m\u00ednima de caudal de ar<\/li>\n<li>Dur\u00e1vel, com excelente resist\u00eancia ao envelhecimento e \u00e0 radia\u00e7\u00e3o ultravioleta \u2013 maior vida \u00fatil<\/li>\n<li>Altamente resistente a uma vasta gama de \u00e1cidos e \u00e1lcalis \u2013 ampla gama de aplica\u00e7\u00f5es<\/li>\n<\/ul>","protected":false},"excerpt":{"rendered":"<p>A mangueira SuperFlex de 10 m da PCL, com di\u00e2metro interno de 9,5 mm (3\/8\u201d), foi concebida para ser extremamente<\/p>","protected":false},"featured_media":29608,"template":"","meta":[],"product_brand":[91],"product_cat":[94],"product_tag":[],"class_list":{"0":"post-29517","1":"product","2":"type-product","3":"status-publish","4":"has-post-thumbnail","6":"product_brand-pcl","7":"product_cat-mangueiras-e-tubos-para-ar-comprimido","9":"first","10":"instock","11":"sale","12":"purchasable","13":"product-type-simple"},"_links":{"self":[{"href":"https:\/\/equipment-pt3.com\/en\/wp-json\/wp\/v2\/product\/29517","targetHints":{"allow":["GET"]}}],"collection":[{"href":"https:\/\/equipment-pt3.com\/en\/wp-json\/wp\/v2\/product"}],"about":[{"href":"https:\/\/equipment-pt3.com\/en\/wp-json\/wp\/v2\/types\/product"}],"version-history":[{"count":2,"href":"https:\/\/equipment-pt3.com\/en\/wp-json\/wp\/v2\/product\/29517\/revisions"}],"predecessor-version":[{"id":29610,"href":"https:\/\/equipment-pt3.com\/en\/wp-json\/wp\/v2\/product\/29517\/revisions\/29610"}],"wp:featuredmedia":[{"embeddable":true,"href":"https:\/\/equipment-pt3.com\/en\/wp-json\/wp\/v2\/media\/29608"}],"wp:attachment":[{"href":"https:\/\/equipment-pt3.com\/en\/wp-json\/wp\/v2\/media?parent=29517"}],"wp:term":[{"taxonomy":"product_brand","embeddable":true,"href":"https:\/\/equipment-pt3.com\/en\/wp-json\/wp\/v2\/product_brand?post=29517"},{"taxonomy":"product_cat","embeddable":true,"href":"https:\/\/equipment-pt3.com\/en\/wp-json\/wp\/v2\/product_cat?post=29517"},{"taxonomy":"product_tag","embeddable":true,"href":"https:\/\/equipment-pt3.com\/en\/wp-json\/wp\/v2\/product_tag?post=29517"}],"curies":[{"name":"wp","href":"https:\/\/api.w.org\/{rel}","templated":true}]}}