{"id":29520,"date":"2026-02-03T13:10:42","date_gmt":"2026-02-03T13:10:42","guid":{"rendered":"https:\/\/equipment-pt3.com\/produto\/pcl-mangueira-alta-visibilidade-20-bar-10-mt-3-8-ligacoes-ve\/"},"modified":"2026-02-10T12:03:40","modified_gmt":"2026-02-10T12:03:40","slug":"pcl-mangueira-alta-visibilidade-20-bar-10-mt-3-8-ligacoes-ve","status":"publish","type":"product","link":"https:\/\/equipment-pt3.com\/en\/product\/pcl-mangueira-alta-visibilidade-20-bar-10-mt-3-8-ligacoes-ve\/","title":{"rendered":"PCL Mangueira alta visibilidade 20 bar 10 mt 3\/8 liga\u00e7\u00f5es VE"},"content":{"rendered":"<p>Esta mangueira amarela brilhante de 10 m, com di\u00e2metro interior de 10 mm, \u00e9 fabricada em material refor\u00e7ado, proporcionando alta visibilidade para maior seguran\u00e7a.<\/p>\n<p>Dispon\u00edvel em comprimentos pr\u00e9-cortados populares, fornecida completa com terminais montados, poupando tempo e eliminando a necessidade de equipamento de crava\u00e7\u00e3o dispendioso.<\/p>\n<ul>\n<li>Excelente resist\u00eancia \u00e0 abras\u00e3o<\/li>\n<li>Boa flexibilidade e resist\u00eancia a dobras<\/li>\n<li>Resistente a \u00f3leos e combust\u00edveis<\/li>\n<li>Isenta de silicone<\/li>\n<\/ul>","protected":false},"excerpt":{"rendered":"<p>Esta mangueira amarela brilhante de 10 m, com di\u00e2metro interior de 10 mm, \u00e9 fabricada em material refor\u00e7ado, proporcionando alta<\/p>","protected":false},"featured_media":30249,"template":"","meta":[],"product_brand":[91],"product_cat":[94],"product_tag":[],"class_list":{"0":"post-29520","1":"product","2":"type-product","3":"status-publish","4":"has-post-thumbnail","6":"product_brand-pcl","7":"product_cat-mangueiras-e-tubos-para-ar-comprimido","9":"first","10":"instock","11":"sale","12":"taxable","13":"shipping-taxable","14":"purchasable","15":"product-type-simple"},"_links":{"self":[{"href":"https:\/\/equipment-pt3.com\/en\/wp-json\/wp\/v2\/product\/29520","targetHints":{"allow":["GET"]}}],"collection":[{"href":"https:\/\/equipment-pt3.com\/en\/wp-json\/wp\/v2\/product"}],"about":[{"href":"https:\/\/equipment-pt3.com\/en\/wp-json\/wp\/v2\/types\/product"}],"version-history":[{"count":3,"href":"https:\/\/equipment-pt3.com\/en\/wp-json\/wp\/v2\/product\/29520\/revisions"}],"predecessor-version":[{"id":30251,"href":"https:\/\/equipment-pt3.com\/en\/wp-json\/wp\/v2\/product\/29520\/revisions\/30251"}],"wp:featuredmedia":[{"embeddable":true,"href":"https:\/\/equipment-pt3.com\/en\/wp-json\/wp\/v2\/media\/30249"}],"wp:attachment":[{"href":"https:\/\/equipment-pt3.com\/en\/wp-json\/wp\/v2\/media?parent=29520"}],"wp:term":[{"taxonomy":"product_brand","embeddable":true,"href":"https:\/\/equipment-pt3.com\/en\/wp-json\/wp\/v2\/product_brand?post=29520"},{"taxonomy":"product_cat","embeddable":true,"href":"https:\/\/equipment-pt3.com\/en\/wp-json\/wp\/v2\/product_cat?post=29520"},{"taxonomy":"product_tag","embeddable":true,"href":"https:\/\/equipment-pt3.com\/en\/wp-json\/wp\/v2\/product_tag?post=29520"}],"curies":[{"name":"wp","href":"https:\/\/api.w.org\/{rel}","templated":true}]}}