{"id":29521,"date":"2026-02-03T13:10:42","date_gmt":"2026-02-03T13:10:42","guid":{"rendered":"https:\/\/equipment-pt3.com\/produto\/pcl-mk4-manometro-longo-encher-pneus-21-bar\/"},"modified":"2026-02-10T12:05:49","modified_gmt":"2026-02-10T12:05:49","slug":"pcl-mk4-manometro-longo-encher-pneus-21-bar","status":"publish","type":"product","link":"https:\/\/equipment-pt3.com\/en\/product\/pcl-mk4-manometro-longo-encher-pneus-21-bar\/","title":{"rendered":"PCL MK4 Man\u00f3metro longo encher pneus 21 Bar"},"content":{"rendered":"<p>\u00c0 primeira vista, o insuflador de pneus de alta press\u00e3o AIRFORCE\u00ae MK4 parece exatamente igual ao insuflador de pneus AIRFORCE\u00ae MK4. A grande diferen\u00e7a \u00e9 que o AIRFORCE\u00ae MK4 High Pressure Tyre Inflator \u00e9 capaz de insuflar at\u00e9 300 psi (21 bar), tornando-o ideal para aplica\u00e7\u00f5es nos setores dos transportes, minera\u00e7\u00e3o ou ind\u00fastria que exigem press\u00f5es de enchimento elevadas.<\/p>\n<p>O AIRFORCE\u00ae MK4 de alta press\u00e3o \u00e9 um man\u00f3metro que n\u00e3o s\u00f3 responde \u00e0 necessidade do mercado por um insuflador de maior press\u00e3o, como tamb\u00e9m foi concebido para resistir a ambientes agressivos.<\/p>\n<p>Fabricado em Sheffield, o AIRFORCE\u00ae MK4 High Pressure Tyre Inflator est\u00e1 destinado a tornar-se a solu\u00e7\u00e3o robusta para uma insufla\u00e7\u00e3o de pneus de alta press\u00e3o segura, econ\u00f3mica e sem complica\u00e7\u00f5es, com precis\u00e3o garantida. Isto proporciona aos utilizadores de pneus de alta press\u00e3o benef\u00edcios como maior vida \u00fatil dos pneus, melhor economia de combust\u00edvel e maior seguran\u00e7a.<\/p>\n<p>Fi\u00e1vel e vers\u00e1til, o AIRFORCE\u00ae MK4 High Pressure Tyre Inflator, com o seu corpo em alum\u00ednio fundido sob press\u00e3o e man\u00f3metro linear, representa o melhor produto do mercado para aplica\u00e7\u00f5es tanto em interiores como no exterior, mesmo em condi\u00e7\u00f5es climat\u00e9ricas extremas.<\/p>\n<p><strong>Caracteristicas:<\/strong><\/p>\n<div>\n<ul>\n<li>Nova janela de visualiza\u00e7\u00e3o \u2013 janela maior que proporciona um campo de vis\u00e3o 20% superior<\/li>\n<li>Peso mais leve \u2013 o corpo do man\u00f3metro pesa 923 g, reduzindo o esfor\u00e7o e facilitando a utiliza\u00e7\u00e3o repetitiva<\/li>\n<li>Formato biom\u00f3rfico \u2013 design ergon\u00f3mico, mais f\u00e1cil de usar e menos propenso a danos em caso de queda<\/li>\n<li>Novo mecanismo de v\u00e1lvula \u2013 mecanismo simplificado de 2 est\u00e1gios que evita que o utilizador tenha de \u201cpressionar\u201d contra a press\u00e3o total da linha ao esvaziar, prevenindo a fadiga<\/li>\n<li>Novo design do pist\u00e3o e dos vedantes \u2013 menor resist\u00eancia e fric\u00e7\u00e3o reduzida; menor in\u00e9rcia de movimento evita corros\u00e3o interna, encravamentos e desvios de precis\u00e3o<\/li>\n<li>Press\u00f5es de insufla\u00e7\u00e3o mais elevadas \u2013 de 45 a 300 psi (3 a 21 bar), adequadas para pneus comerciais, aplica\u00e7\u00f5es industriais e avia\u00e7\u00e3o<\/li>\n<li>Padr\u00f5es de precis\u00e3o elevados \u2013 testado para mais de 400.000 ciclos mantendo 100% de precis\u00e3o<\/li>\n<\/ul>\n<\/div>","protected":false},"excerpt":{"rendered":"<p>\u00c0 primeira vista, o insuflador de pneus de alta press\u00e3o AIRFORCE\u00ae MK4 parece exatamente igual ao insuflador de pneus AIRFORCE\u00ae<\/p>","protected":false},"featured_media":30248,"template":"","meta":[],"product_brand":[91],"product_cat":[93],"product_tag":[],"class_list":{"0":"post-29521","1":"product","2":"type-product","3":"status-publish","4":"has-post-thumbnail","6":"product_brand-pcl","7":"product_cat-manometros-e-insufladores-de-pneus","9":"first","10":"instock","11":"sale","12":"taxable","13":"shipping-taxable","14":"purchasable","15":"product-type-simple"},"_links":{"self":[{"href":"https:\/\/equipment-pt3.com\/en\/wp-json\/wp\/v2\/product\/29521","targetHints":{"allow":["GET"]}}],"collection":[{"href":"https:\/\/equipment-pt3.com\/en\/wp-json\/wp\/v2\/product"}],"about":[{"href":"https:\/\/equipment-pt3.com\/en\/wp-json\/wp\/v2\/types\/product"}],"version-history":[{"count":3,"href":"https:\/\/equipment-pt3.com\/en\/wp-json\/wp\/v2\/product\/29521\/revisions"}],"predecessor-version":[{"id":30247,"href":"https:\/\/equipment-pt3.com\/en\/wp-json\/wp\/v2\/product\/29521\/revisions\/30247"}],"wp:featuredmedia":[{"embeddable":true,"href":"https:\/\/equipment-pt3.com\/en\/wp-json\/wp\/v2\/media\/30248"}],"wp:attachment":[{"href":"https:\/\/equipment-pt3.com\/en\/wp-json\/wp\/v2\/media?parent=29521"}],"wp:term":[{"taxonomy":"product_brand","embeddable":true,"href":"https:\/\/equipment-pt3.com\/en\/wp-json\/wp\/v2\/product_brand?post=29521"},{"taxonomy":"product_cat","embeddable":true,"href":"https:\/\/equipment-pt3.com\/en\/wp-json\/wp\/v2\/product_cat?post=29521"},{"taxonomy":"product_tag","embeddable":true,"href":"https:\/\/equipment-pt3.com\/en\/wp-json\/wp\/v2\/product_tag?post=29521"}],"curies":[{"name":"wp","href":"https:\/\/api.w.org\/{rel}","templated":true}]}}