{"id":29522,"date":"2026-02-03T13:10:42","date_gmt":"2026-02-03T13:10:42","guid":{"rendered":"https:\/\/equipment-pt3.com\/produto\/pcl-pistola-de-soprar-c-bicos-conicos\/"},"modified":"2026-02-12T10:34:34","modified_gmt":"2026-02-12T10:34:34","slug":"pcl-pistola-de-soprar-c-bicos-conicos","status":"publish","type":"product","link":"https:\/\/equipment-pt3.com\/en\/product\/pcl-pistola-de-soprar-c-bicos-conicos\/","title":{"rendered":"PCL Pistola de Soprar c\/bicos c\u00f3nicos"},"content":{"rendered":"<p>Esta pistola de soprar com punho tipo pistola \u00e9 fabricada em liga fundida de alta qualidade, garantindo uma longa vida \u00fatil sem problemas.<\/p>\n<ul>\n<li>Design robusto e compacto<\/li>\n<li>Fornecida com bico c\u00f3nico ou bico de seguran\u00e7a<\/li>\n<li>Embalagem de exposi\u00e7\u00e3o para maior conveni\u00eancia<\/li>\n<li>Estilo de punho: Pistola<\/li>\n<\/ul>","protected":false},"excerpt":{"rendered":"<p>Esta pistola de soprar com punho tipo pistola \u00e9 fabricada em liga fundida de alta qualidade, garantindo uma longa vida<\/p>","protected":false},"featured_media":29598,"template":"","meta":[],"product_brand":[91],"product_cat":[96],"product_tag":[],"class_list":{"0":"post-29522","1":"product","2":"type-product","3":"status-publish","4":"has-post-thumbnail","6":"product_brand-pcl","7":"product_cat-acessorios-de-ar-comprimido","9":"first","10":"instock","11":"sale","12":"purchasable","13":"product-type-simple"},"_links":{"self":[{"href":"https:\/\/equipment-pt3.com\/en\/wp-json\/wp\/v2\/product\/29522","targetHints":{"allow":["GET"]}}],"collection":[{"href":"https:\/\/equipment-pt3.com\/en\/wp-json\/wp\/v2\/product"}],"about":[{"href":"https:\/\/equipment-pt3.com\/en\/wp-json\/wp\/v2\/types\/product"}],"version-history":[{"count":3,"href":"https:\/\/equipment-pt3.com\/en\/wp-json\/wp\/v2\/product\/29522\/revisions"}],"predecessor-version":[{"id":29601,"href":"https:\/\/equipment-pt3.com\/en\/wp-json\/wp\/v2\/product\/29522\/revisions\/29601"}],"wp:featuredmedia":[{"embeddable":true,"href":"https:\/\/equipment-pt3.com\/en\/wp-json\/wp\/v2\/media\/29598"}],"wp:attachment":[{"href":"https:\/\/equipment-pt3.com\/en\/wp-json\/wp\/v2\/media?parent=29522"}],"wp:term":[{"taxonomy":"product_brand","embeddable":true,"href":"https:\/\/equipment-pt3.com\/en\/wp-json\/wp\/v2\/product_brand?post=29522"},{"taxonomy":"product_cat","embeddable":true,"href":"https:\/\/equipment-pt3.com\/en\/wp-json\/wp\/v2\/product_cat?post=29522"},{"taxonomy":"product_tag","embeddable":true,"href":"https:\/\/equipment-pt3.com\/en\/wp-json\/wp\/v2\/product_tag?post=29522"}],"curies":[{"name":"wp","href":"https:\/\/api.w.org\/{rel}","templated":true}]}}