{"id":29523,"date":"2026-02-03T13:10:42","date_gmt":"2026-02-03T13:10:42","guid":{"rendered":"https:\/\/equipment-pt3.com\/produto\/pcl-conjunto-chaves-de-impacto-1-2-10-a-32-mm\/"},"modified":"2026-02-12T10:34:34","modified_gmt":"2026-02-12T10:34:34","slug":"pcl-conjunto-chaves-de-impacto-1-2-10-a-32-mm","status":"publish","type":"product","link":"https:\/\/equipment-pt3.com\/en\/product\/pcl-conjunto-chaves-de-impacto-1-2-10-a-32-mm\/","title":{"rendered":"PCL Conjunto chaves de impacto 1\/2 10 a 32 mm"},"content":{"rendered":"<p>De 10 mm a 32 mm, este conjunto de chaves de impacto de alta qualidade, com 18 pe\u00e7as e encaixe de 1\/2\u201d, cobre tudo o que \u00e9 necess\u00e1rio para trabalhos com encaixe de 1\/2\u201d. \u00c9 fornecido numa mala profissional com moldes individuais identificados, facilitando a organiza\u00e7\u00e3o e a r\u00e1pida identifica\u00e7\u00e3o das pe\u00e7as.<\/p>\n<p><strong>Conte\u00fado do kit<\/strong><\/p>\n<p>x17 chaves de caixa \u2013 tamanhos inclu\u00eddos (mm): 10, 11, 12, 13, 14, 15, 16, 17, 18, 19, 21, 22, 23, 24, 27, 30, 32<br \/>\nx1 Barra de extens\u00e3o 1\/2\u201d<\/p>\n<p><strong>Especifca\u00e7\u00f5es<\/strong><\/p>\n<ul>\n<li>Soquetes de impacto de 6 pontos em a\u00e7o cromo-molibd\u00e9nio<\/li>\n<li>18 soquetes que cobrem praticamente todas as aplica\u00e7\u00f5es com uma chave de impacto de 1\/2\u201d<\/li>\n<li>Todos os soquetes PCL excedem as especifica\u00e7\u00f5es ANSI<\/li>\n<li>Incluem dois an\u00e9is de reten\u00e7\u00e3o para melhor ader\u00eancia e manuseamento<\/li>\n<li>Orif\u00edcio central totalmente perfurado para maior profundidade na superf\u00edcie de trabalho<\/li>\n<li>Tecnologia Z-Drive, que atua nas faces planas dos fixadores para uma fixa\u00e7\u00e3o mais forte<\/li>\n<li>Design de parede fina com entradas chanfradas para um encaixe mais f\u00e1cil nos fixadores<\/li>\n<\/ul>","protected":false},"excerpt":{"rendered":"<p>De 10 mm a 32 mm, este conjunto de chaves de impacto de alta qualidade, com 18 pe\u00e7as e encaixe<\/p>","protected":false},"featured_media":29607,"template":"","meta":[],"product_brand":[91],"product_cat":[95],"product_tag":[],"class_list":{"0":"post-29523","1":"product","2":"type-product","3":"status-publish","4":"has-post-thumbnail","6":"product_brand-pcl","7":"product_cat-chaves-de-impacto-e-acessorios","9":"first","10":"instock","11":"sale","12":"purchasable","13":"product-type-simple"},"_links":{"self":[{"href":"https:\/\/equipment-pt3.com\/en\/wp-json\/wp\/v2\/product\/29523","targetHints":{"allow":["GET"]}}],"collection":[{"href":"https:\/\/equipment-pt3.com\/en\/wp-json\/wp\/v2\/product"}],"about":[{"href":"https:\/\/equipment-pt3.com\/en\/wp-json\/wp\/v2\/types\/product"}],"version-history":[{"count":2,"href":"https:\/\/equipment-pt3.com\/en\/wp-json\/wp\/v2\/product\/29523\/revisions"}],"predecessor-version":[{"id":29606,"href":"https:\/\/equipment-pt3.com\/en\/wp-json\/wp\/v2\/product\/29523\/revisions\/29606"}],"wp:featuredmedia":[{"embeddable":true,"href":"https:\/\/equipment-pt3.com\/en\/wp-json\/wp\/v2\/media\/29607"}],"wp:attachment":[{"href":"https:\/\/equipment-pt3.com\/en\/wp-json\/wp\/v2\/media?parent=29523"}],"wp:term":[{"taxonomy":"product_brand","embeddable":true,"href":"https:\/\/equipment-pt3.com\/en\/wp-json\/wp\/v2\/product_brand?post=29523"},{"taxonomy":"product_cat","embeddable":true,"href":"https:\/\/equipment-pt3.com\/en\/wp-json\/wp\/v2\/product_cat?post=29523"},{"taxonomy":"product_tag","embeddable":true,"href":"https:\/\/equipment-pt3.com\/en\/wp-json\/wp\/v2\/product_tag?post=29523"}],"curies":[{"name":"wp","href":"https:\/\/api.w.org\/{rel}","templated":true}]}}