{"id":29524,"date":"2026-02-03T13:10:42","date_gmt":"2026-02-03T13:10:42","guid":{"rendered":"https:\/\/equipment-pt3.com\/produto\/pcl-conjunto-chaves-de-impacto-1-2-longas\/"},"modified":"2026-02-12T10:35:11","modified_gmt":"2026-02-12T10:35:11","slug":"pcl-conjunto-chaves-de-impacto-1-2-longas","status":"publish","type":"product","link":"https:\/\/equipment-pt3.com\/en\/product\/pcl-conjunto-chaves-de-impacto-1-2-longas\/","title":{"rendered":"PCL Conjunto chaves de impacto 1\/2 longas"},"content":{"rendered":"<p>Este conjunto de 3 soquetes de impacto para jantes em liga leve, com encaixe de 1\/2\u201d, de elevada qualidade, \u00e9 fabricado em a\u00e7o cromo-molibd\u00e9nio endurecido de alta resist\u00eancia para uma maior durabilidade. Os soquetes est\u00e3o revestidos por uma capa pl\u00e1stica de prote\u00e7\u00e3o, evitando danos nas jantes de liga leve. O conjunto inclui os 3 tamanhos de soquetes de impacto mais populares para utiliza\u00e7\u00e3o com chaves de impacto de encaixe de 1\/2\u201d.<\/p>\n<p><strong>Conte\u00fado do kit<\/strong><br \/>\nx3 soquetes para jantes de liga leve \u2013 Tamanhos inclu\u00eddos (mm): 17, 19, 21<\/p>\n<ul>\n<li>Soquetes de impacto de 6 faces em a\u00e7o cromo-molibd\u00e9nio<\/li>\n<li>Todos os soquetes PCL excedem as especifica\u00e7\u00f5es ANSI<\/li>\n<li>Possui dois an\u00e9is de reten\u00e7\u00e3o para melhor ader\u00eancia do utilizador<\/li>\n<li>Orif\u00edcio central perfurado para maior profundidade na superf\u00edcie de trabalho<\/li>\n<li>Tecnologia Z-Drive, que contacta as faces planas dos fixadores para uma fixa\u00e7\u00e3o mais segura<\/li>\n<li>Design de parede fina com aberturas chanfradas para um encaixe mais f\u00e1cil nos fixadores<\/li>\n<\/ul>","protected":false},"excerpt":{"rendered":"<p>Este conjunto de 3 soquetes de impacto para jantes em liga leve, com encaixe de 1\/2\u201d, de elevada qualidade, \u00e9<\/p>","protected":false},"featured_media":29581,"template":"","meta":[],"product_brand":[91],"product_cat":[95],"product_tag":[],"class_list":{"0":"post-29524","1":"product","2":"type-product","3":"status-publish","4":"has-post-thumbnail","6":"product_brand-pcl","7":"product_cat-chaves-de-impacto-e-acessorios","9":"first","10":"instock","11":"sale","12":"purchasable","13":"product-type-simple"},"_links":{"self":[{"href":"https:\/\/equipment-pt3.com\/en\/wp-json\/wp\/v2\/product\/29524","targetHints":{"allow":["GET"]}}],"collection":[{"href":"https:\/\/equipment-pt3.com\/en\/wp-json\/wp\/v2\/product"}],"about":[{"href":"https:\/\/equipment-pt3.com\/en\/wp-json\/wp\/v2\/types\/product"}],"version-history":[{"count":3,"href":"https:\/\/equipment-pt3.com\/en\/wp-json\/wp\/v2\/product\/29524\/revisions"}],"predecessor-version":[{"id":29582,"href":"https:\/\/equipment-pt3.com\/en\/wp-json\/wp\/v2\/product\/29524\/revisions\/29582"}],"wp:featuredmedia":[{"embeddable":true,"href":"https:\/\/equipment-pt3.com\/en\/wp-json\/wp\/v2\/media\/29581"}],"wp:attachment":[{"href":"https:\/\/equipment-pt3.com\/en\/wp-json\/wp\/v2\/media?parent=29524"}],"wp:term":[{"taxonomy":"product_brand","embeddable":true,"href":"https:\/\/equipment-pt3.com\/en\/wp-json\/wp\/v2\/product_brand?post=29524"},{"taxonomy":"product_cat","embeddable":true,"href":"https:\/\/equipment-pt3.com\/en\/wp-json\/wp\/v2\/product_cat?post=29524"},{"taxonomy":"product_tag","embeddable":true,"href":"https:\/\/equipment-pt3.com\/en\/wp-json\/wp\/v2\/product_tag?post=29524"}],"curies":[{"name":"wp","href":"https:\/\/api.w.org\/{rel}","templated":true}]}}