{"id":29525,"date":"2026-02-03T13:10:42","date_gmt":"2026-02-03T13:10:42","guid":{"rendered":"https:\/\/equipment-pt3.com\/produto\/pcl-mangueira-06mt-o-1-4-21bar-1-4mxeur\/"},"modified":"2026-02-12T10:35:11","modified_gmt":"2026-02-12T10:35:11","slug":"pcl-mangueira-06mt-o-1-4-21bar-1-4mxeur","status":"publish","type":"product","link":"https:\/\/equipment-pt3.com\/en\/product\/pcl-mangueira-06mt-o-1-4-21bar-1-4mxeur\/","title":{"rendered":"PCL Mangueira 0,6mt \u00d8 1\/4 21Bar 1\/4MxEUR"},"content":{"rendered":"<p>As mangueiras flex\u00edveis (whip hoses) da PCL s\u00e3o altamente recomendadas pelo Guia HS(G) 39 da Health &amp; Safety Executive, uma vez que foram concebidas para afastar a ferramenta pneum\u00e1tica da sua alimenta\u00e7\u00e3o de ar, de forma a reduzir a vibra\u00e7\u00e3o. Isto permite a utiliza\u00e7\u00e3o segura das ferramentas e ajuda a prolongar a vida \u00fatil dos engates e adaptadores.<\/p>\n<ul>\n<li>Ajuda a prolongar a vida \u00fatil dos engates e adaptadores<\/li>\n<li>Melhora a facilidade de manuseamento \u2013 reduz a fadiga do operador<\/li>\n<li>Simples de utilizar \u2013 \u201cligar e usar\u201d<\/li>\n<li>Permite a utiliza\u00e7\u00e3o segura das ferramentas<\/li>\n<\/ul>","protected":false},"excerpt":{"rendered":"<p>As mangueiras flex\u00edveis (whip hoses) da PCL s\u00e3o altamente recomendadas pelo Guia HS(G) 39 da Health &amp; Safety Executive, uma<\/p>","protected":false},"featured_media":29576,"template":"","meta":[],"product_brand":[91],"product_cat":[94],"product_tag":[],"class_list":{"0":"post-29525","1":"product","2":"type-product","3":"status-publish","4":"has-post-thumbnail","6":"product_brand-pcl","7":"product_cat-mangueiras-e-tubos-para-ar-comprimido","9":"first","10":"instock","11":"sale","12":"purchasable","13":"product-type-simple"},"_links":{"self":[{"href":"https:\/\/equipment-pt3.com\/en\/wp-json\/wp\/v2\/product\/29525","targetHints":{"allow":["GET"]}}],"collection":[{"href":"https:\/\/equipment-pt3.com\/en\/wp-json\/wp\/v2\/product"}],"about":[{"href":"https:\/\/equipment-pt3.com\/en\/wp-json\/wp\/v2\/types\/product"}],"version-history":[{"count":2,"href":"https:\/\/equipment-pt3.com\/en\/wp-json\/wp\/v2\/product\/29525\/revisions"}],"predecessor-version":[{"id":29578,"href":"https:\/\/equipment-pt3.com\/en\/wp-json\/wp\/v2\/product\/29525\/revisions\/29578"}],"wp:featuredmedia":[{"embeddable":true,"href":"https:\/\/equipment-pt3.com\/en\/wp-json\/wp\/v2\/media\/29576"}],"wp:attachment":[{"href":"https:\/\/equipment-pt3.com\/en\/wp-json\/wp\/v2\/media?parent=29525"}],"wp:term":[{"taxonomy":"product_brand","embeddable":true,"href":"https:\/\/equipment-pt3.com\/en\/wp-json\/wp\/v2\/product_brand?post=29525"},{"taxonomy":"product_cat","embeddable":true,"href":"https:\/\/equipment-pt3.com\/en\/wp-json\/wp\/v2\/product_cat?post=29525"},{"taxonomy":"product_tag","embeddable":true,"href":"https:\/\/equipment-pt3.com\/en\/wp-json\/wp\/v2\/product_tag?post=29525"}],"curies":[{"name":"wp","href":"https:\/\/api.w.org\/{rel}","templated":true}]}}