{"id":29526,"date":"2026-02-03T13:10:43","date_gmt":"2026-02-03T13:10:43","guid":{"rendered":"https:\/\/equipment-pt3.com\/produto\/pcl-mangueira-06mt-o-1-4-21bar-1-4mxstand\/"},"modified":"2026-02-12T10:34:34","modified_gmt":"2026-02-12T10:34:34","slug":"pcl-mangueira-06mt-o-1-4-21bar-1-4mxstand","status":"publish","type":"product","link":"https:\/\/equipment-pt3.com\/en\/product\/pcl-mangueira-06mt-o-1-4-21bar-1-4mxstand\/","title":{"rendered":"PCL Mangueira 0,6mt \u00d8 1\/4 21Bar 1\/4MxStand"},"content":{"rendered":"<p>As mangueiras flex\u00edveis (whip hoses) da PCL s\u00e3o altamente recomendadas pelo Guia HS(G) 39 da Health &amp; Safety Executive, uma vez que foram concebidas para afastar a ferramenta pneum\u00e1tica da sua alimenta\u00e7\u00e3o de ar, de forma a reduzir a vibra\u00e7\u00e3o. Isto permite a utiliza\u00e7\u00e3o segura das ferramentas e ajuda a prolongar a vida \u00fatil dos engates e adaptadores.<\/p>","protected":false},"excerpt":{"rendered":"<p>As mangueiras flex\u00edveis (whip hoses) da PCL s\u00e3o altamente recomendadas pelo Guia HS(G) 39 da Health &amp; Safety Executive, uma<\/p>","protected":false},"featured_media":29538,"template":"","meta":[],"product_brand":[91],"product_cat":[94],"product_tag":[],"class_list":{"0":"post-29526","1":"product","2":"type-product","3":"status-publish","4":"has-post-thumbnail","6":"product_brand-pcl","7":"product_cat-mangueiras-e-tubos-para-ar-comprimido","9":"first","10":"instock","11":"sale","12":"purchasable","13":"product-type-simple"},"_links":{"self":[{"href":"https:\/\/equipment-pt3.com\/en\/wp-json\/wp\/v2\/product\/29526","targetHints":{"allow":["GET"]}}],"collection":[{"href":"https:\/\/equipment-pt3.com\/en\/wp-json\/wp\/v2\/product"}],"about":[{"href":"https:\/\/equipment-pt3.com\/en\/wp-json\/wp\/v2\/types\/product"}],"version-history":[{"count":3,"href":"https:\/\/equipment-pt3.com\/en\/wp-json\/wp\/v2\/product\/29526\/revisions"}],"predecessor-version":[{"id":29540,"href":"https:\/\/equipment-pt3.com\/en\/wp-json\/wp\/v2\/product\/29526\/revisions\/29540"}],"wp:featuredmedia":[{"embeddable":true,"href":"https:\/\/equipment-pt3.com\/en\/wp-json\/wp\/v2\/media\/29538"}],"wp:attachment":[{"href":"https:\/\/equipment-pt3.com\/en\/wp-json\/wp\/v2\/media?parent=29526"}],"wp:term":[{"taxonomy":"product_brand","embeddable":true,"href":"https:\/\/equipment-pt3.com\/en\/wp-json\/wp\/v2\/product_brand?post=29526"},{"taxonomy":"product_cat","embeddable":true,"href":"https:\/\/equipment-pt3.com\/en\/wp-json\/wp\/v2\/product_cat?post=29526"},{"taxonomy":"product_tag","embeddable":true,"href":"https:\/\/equipment-pt3.com\/en\/wp-json\/wp\/v2\/product_tag?post=29526"}],"curies":[{"name":"wp","href":"https:\/\/api.w.org\/{rel}","templated":true}]}}