{"id":29527,"date":"2026-02-03T13:10:43","date_gmt":"2026-02-03T13:10:43","guid":{"rendered":"https:\/\/equipment-pt3.com\/produto\/pcl-manometro-de-encher-pneus-15bar\/"},"modified":"2026-02-12T10:34:34","modified_gmt":"2026-02-12T10:34:34","slug":"pcl-manometro-de-encher-pneus-15bar","status":"publish","type":"product","link":"https:\/\/equipment-pt3.com\/en\/product\/pcl-manometro-de-encher-pneus-15bar\/","title":{"rendered":"PCL Man\u00f3metro de encher pneus 15Bar"},"content":{"rendered":"<p>Este insuflador de pneus de uso geral, com corpo em liga met\u00e1lica resistente e man\u00f3metro protegido por borracha, \u00e9 ideal para aplica\u00e7\u00f5es de baixo volume e n\u00e3o comerciais. O insuflador de pneus em liga ADTG4 possui um conector de v\u00e1lvula de estilo europeu e \u00e9 fornecido com instru\u00e7\u00f5es de funcionamento.<\/p>\n<ul>\n<li class=\"p1\">Simples e f\u00e1cil de utilizar<\/li>\n<li class=\"p1\">Ideal para insufla\u00e7\u00e3o geral de pneus de baixo volume<\/li>\n<\/ul>","protected":false},"excerpt":{"rendered":"<p>Este insuflador de pneus de uso geral, com corpo em liga met\u00e1lica resistente e man\u00f3metro protegido por borracha, \u00e9 ideal<\/p>","protected":false},"featured_media":29548,"template":"","meta":[],"product_brand":[91],"product_cat":[93],"product_tag":[],"class_list":{"0":"post-29527","1":"product","2":"type-product","3":"status-publish","4":"has-post-thumbnail","6":"product_brand-pcl","7":"product_cat-manometros-e-insufladores-de-pneus","9":"first","10":"instock","11":"sale","12":"purchasable","13":"product-type-simple"},"_links":{"self":[{"href":"https:\/\/equipment-pt3.com\/en\/wp-json\/wp\/v2\/product\/29527","targetHints":{"allow":["GET"]}}],"collection":[{"href":"https:\/\/equipment-pt3.com\/en\/wp-json\/wp\/v2\/product"}],"about":[{"href":"https:\/\/equipment-pt3.com\/en\/wp-json\/wp\/v2\/types\/product"}],"version-history":[{"count":2,"href":"https:\/\/equipment-pt3.com\/en\/wp-json\/wp\/v2\/product\/29527\/revisions"}],"predecessor-version":[{"id":29550,"href":"https:\/\/equipment-pt3.com\/en\/wp-json\/wp\/v2\/product\/29527\/revisions\/29550"}],"wp:featuredmedia":[{"embeddable":true,"href":"https:\/\/equipment-pt3.com\/en\/wp-json\/wp\/v2\/media\/29548"}],"wp:attachment":[{"href":"https:\/\/equipment-pt3.com\/en\/wp-json\/wp\/v2\/media?parent=29527"}],"wp:term":[{"taxonomy":"product_brand","embeddable":true,"href":"https:\/\/equipment-pt3.com\/en\/wp-json\/wp\/v2\/product_brand?post=29527"},{"taxonomy":"product_cat","embeddable":true,"href":"https:\/\/equipment-pt3.com\/en\/wp-json\/wp\/v2\/product_cat?post=29527"},{"taxonomy":"product_tag","embeddable":true,"href":"https:\/\/equipment-pt3.com\/en\/wp-json\/wp\/v2\/product_tag?post=29527"}],"curies":[{"name":"wp","href":"https:\/\/api.w.org\/{rel}","templated":true}]}}