{"id":29528,"date":"2026-02-03T13:10:43","date_gmt":"2026-02-03T13:10:43","guid":{"rendered":"https:\/\/equipment-pt3.com\/produto\/pcl-manometro-encher-pneus-05m-mangueira-12bar\/"},"modified":"2026-02-13T12:25:20","modified_gmt":"2026-02-13T12:25:20","slug":"pcl-manometro-encher-pneus-05m-mangueira-12bar","status":"publish","type":"product","link":"https:\/\/equipment-pt3.com\/en\/product\/pcl-manometro-encher-pneus-05m-mangueira-12bar\/","title":{"rendered":"PCL Man\u00f3metro encher pneus 0,5m mangueira 12bar"},"content":{"rendered":"<p>O mais recente insuflador mec\u00e2nico de gama m\u00e9dia da PCL, o ATI, \u00e9 adequado para lojas de pneus, oficinas, concession\u00e1rios autom\u00f3veis e parques de transporte. Com um mostrador de leitura simples e f\u00e1cil de utilizar, o ATI permite aos operadores realizar uma insufla\u00e7\u00e3o de pneus r\u00e1pida, segura, econ\u00f3mica e precisa, proporcionando aos utilizadores benef\u00edcios como maior vida \u00fatil dos pneus, melhor efici\u00eancia de combust\u00edvel e maior seguran\u00e7a.<\/p>\n<p>O ATI \u00e9 adequado para autom\u00f3veis e cami\u00f5es, com capacidade de insufla\u00e7\u00e3o at\u00e9 12 bar \/ 170 psi, sendo testado individualmente quanto \u00e0 precis\u00e3o e fornecido com certificado de calibra\u00e7\u00e3o, embora n\u00e3o seja aprovado pela CE. Para um insuflador mec\u00e2nico aprovado pela norma BS EN 12645:2014, com o desempenho e robustez correspondentes, dever\u00e1 ser especificado o modelo premium AirForce II.<\/p>\n<ul>\n<li>Design leve e biom\u00f3rfico \u2013 f\u00e1cil de utilizar, com fadiga reduzida<\/li>\n<li>Produto leve mas resistente em nylon, com protec\u00e7\u00f5es no mostrador \u2013 leve e robusto<\/li>\n<li>Mostrador de leitura clara \u2013 f\u00e1cil e r\u00e1pido de ler, aumentando a precis\u00e3o e a rapidez de utiliza\u00e7\u00e3o<\/li>\n<li>Design de v\u00e1lvula directa que aumenta as velocidades de insufla\u00e7\u00e3o e desinsufla\u00e7\u00e3o \u2013 reduz o tempo de opera\u00e7\u00e3o, poupando tempo e custos e aumentando a capacidade<\/li>\n<li>Elevados n\u00edveis de rapidez, precis\u00e3o e seguran\u00e7a \u2013 melhoria do servi\u00e7o ao cliente<\/li>\n<li>Precis\u00e3o testada individualmente e fornecido com certificado de calibra\u00e7\u00e3o, mas produto n\u00e3o aprovado pela CE<\/li>\n<\/ul>","protected":false},"excerpt":{"rendered":"<p>O mais recente insuflador mec\u00e2nico de gama m\u00e9dia da PCL, o ATI, \u00e9 adequado para lojas de pneus, oficinas, concession\u00e1rios<\/p>","protected":false},"featured_media":29562,"template":"","meta":[],"product_brand":[91],"product_cat":[93],"product_tag":[],"class_list":{"0":"post-29528","1":"product","2":"type-product","3":"status-publish","4":"has-post-thumbnail","6":"product_brand-pcl","7":"product_cat-manometros-e-insufladores-de-pneus","9":"first","10":"instock","11":"sale","12":"purchasable","13":"product-type-simple"},"_links":{"self":[{"href":"https:\/\/equipment-pt3.com\/en\/wp-json\/wp\/v2\/product\/29528","targetHints":{"allow":["GET"]}}],"collection":[{"href":"https:\/\/equipment-pt3.com\/en\/wp-json\/wp\/v2\/product"}],"about":[{"href":"https:\/\/equipment-pt3.com\/en\/wp-json\/wp\/v2\/types\/product"}],"version-history":[{"count":2,"href":"https:\/\/equipment-pt3.com\/en\/wp-json\/wp\/v2\/product\/29528\/revisions"}],"predecessor-version":[{"id":29564,"href":"https:\/\/equipment-pt3.com\/en\/wp-json\/wp\/v2\/product\/29528\/revisions\/29564"}],"wp:featuredmedia":[{"embeddable":true,"href":"https:\/\/equipment-pt3.com\/en\/wp-json\/wp\/v2\/media\/29562"}],"wp:attachment":[{"href":"https:\/\/equipment-pt3.com\/en\/wp-json\/wp\/v2\/media?parent=29528"}],"wp:term":[{"taxonomy":"product_brand","embeddable":true,"href":"https:\/\/equipment-pt3.com\/en\/wp-json\/wp\/v2\/product_brand?post=29528"},{"taxonomy":"product_cat","embeddable":true,"href":"https:\/\/equipment-pt3.com\/en\/wp-json\/wp\/v2\/product_cat?post=29528"},{"taxonomy":"product_tag","embeddable":true,"href":"https:\/\/equipment-pt3.com\/en\/wp-json\/wp\/v2\/product_tag?post=29528"}],"curies":[{"name":"wp","href":"https:\/\/api.w.org\/{rel}","templated":true}]}}