{"id":29529,"date":"2026-02-03T13:10:43","date_gmt":"2026-02-03T13:10:43","guid":{"rendered":"https:\/\/equipment-pt3.com\/produto\/pcl-mk4-manometro-longo-encher-pneus-12-bar\/"},"modified":"2026-02-12T10:34:34","modified_gmt":"2026-02-12T10:34:34","slug":"pcl-mk4-manometro-longo-encher-pneus-12-bar","status":"publish","type":"product","link":"https:\/\/equipment-pt3.com\/en\/product\/pcl-mk4-manometro-longo-encher-pneus-12-bar\/","title":{"rendered":"PCL MK4 Man\u00f3metro longo encher pneus 12 Bar"},"content":{"rendered":"<p>\u00c0 primeira vista, o insuflador de pneus para cami\u00f5es AIRFORCE\u00ae MK4 parece exatamente igual ao insuflador de pneus AIRFORCE\u00ae MK4. A grande diferen\u00e7a \u00e9 que o insuflador de pneus para cami\u00f5es AIRFORCE\u00ae MK4 \u00e9 capaz de insuflar at\u00e9 174 psi (12 bar), um aumento significativo face aos j\u00e1 impressionantes 138 psi (9,6 bar).<\/p>\n<p>O insuflador de pneus para cami\u00f5es AIRFORCE\u00ae MK4 \u00e9 um man\u00f3metro que n\u00e3o s\u00f3 responde \u00e0 necessidade do mercado por um insuflador de maior press\u00e3o, como tamb\u00e9m oferece uma solu\u00e7\u00e3o capaz de resistir aos ambientes exigentes das oficinas de pneus.<\/p>\n<p>O insuflador de pneus para cami\u00f5es AIRFORCE\u00ae MK4, \u201cFabricado em Sheffield\u201d, est\u00e1 destinado a tornar-se a solu\u00e7\u00e3o profissional para uma insufla\u00e7\u00e3o de alta press\u00e3o segura, econ\u00f3mica e sem problemas, com precis\u00e3o garantida. Isto proporciona aos utilizadores de pneus de cami\u00e3o benef\u00edcios como maior vida \u00fatil dos pneus, aumento da efici\u00eancia de combust\u00edvel e maior seguran\u00e7a.<\/p>\n<p>O fi\u00e1vel e vers\u00e1til insuflador de pneus para cami\u00f5es AIRFORCE\u00ae MK4, com corpo em alum\u00ednio fundido sob press\u00e3o e man\u00f3metro linear, representa o melhor produto do mercado para aplica\u00e7\u00f5es interiores e exteriores, mesmo em condi\u00e7\u00f5es meteorol\u00f3gicas extremas.<\/p>\n<ul>\n<li>Nova janela de visualiza\u00e7\u00e3o \u2013 Janela maior que proporciona um campo de vis\u00e3o 20% superior<\/li>\n<li>Peso reduzido \u2013 O corpo do man\u00f3metro pesa 923 g, reduzindo o esfor\u00e7o e facilitando a utiliza\u00e7\u00e3o repetitiva<\/li>\n<li>Forma biom\u00f3rfica \u2013 Ergon\u00f3mica, mais f\u00e1cil de utilizar e menos propensa a danos em caso de queda<\/li>\n<li>Novo mecanismo de v\u00e1lvula \u2013 Design simplificado de mecanismo em 2 fases que evita que o utilizador tenha de \u201cempurrar\u201d contra a press\u00e3o total da linha durante a desinsufla\u00e7\u00e3o, prevenindo a fadiga<\/li>\n<li>Novo design de pist\u00e3o e vedante \u2013 Novo design com menor resist\u00eancia, fric\u00e7\u00e3o reduzida e menor in\u00e9rcia de movimento, evitando corros\u00e3o interna, bloqueios e desvios de precis\u00e3o<\/li>\n<li>Press\u00f5es de insufla\u00e7\u00e3o mais elevadas at\u00e9 174 psi (12 bar), adequadas para pneus comerciais de todos os tipos<\/li>\n<li>Normas de precis\u00e3o \u2013 Testado para mais de 400.000 ciclos com 100% de precis\u00e3o<\/li>\n<\/ul>","protected":false},"excerpt":{"rendered":"<p>\u00c0 primeira vista, o insuflador de pneus para cami\u00f5es AIRFORCE\u00ae MK4 parece exatamente igual ao insuflador de pneus AIRFORCE\u00ae MK4.<\/p>","protected":false},"featured_media":29552,"template":"","meta":[],"product_brand":[91],"product_cat":[93],"product_tag":[],"class_list":{"0":"post-29529","1":"product","2":"type-product","3":"status-publish","4":"has-post-thumbnail","6":"product_brand-pcl","7":"product_cat-manometros-e-insufladores-de-pneus","9":"first","10":"instock","11":"sale","12":"purchasable","13":"product-type-simple"},"_links":{"self":[{"href":"https:\/\/equipment-pt3.com\/en\/wp-json\/wp\/v2\/product\/29529","targetHints":{"allow":["GET"]}}],"collection":[{"href":"https:\/\/equipment-pt3.com\/en\/wp-json\/wp\/v2\/product"}],"about":[{"href":"https:\/\/equipment-pt3.com\/en\/wp-json\/wp\/v2\/types\/product"}],"version-history":[{"count":2,"href":"https:\/\/equipment-pt3.com\/en\/wp-json\/wp\/v2\/product\/29529\/revisions"}],"predecessor-version":[{"id":29553,"href":"https:\/\/equipment-pt3.com\/en\/wp-json\/wp\/v2\/product\/29529\/revisions\/29553"}],"wp:featuredmedia":[{"embeddable":true,"href":"https:\/\/equipment-pt3.com\/en\/wp-json\/wp\/v2\/media\/29552"}],"wp:attachment":[{"href":"https:\/\/equipment-pt3.com\/en\/wp-json\/wp\/v2\/media?parent=29529"}],"wp:term":[{"taxonomy":"product_brand","embeddable":true,"href":"https:\/\/equipment-pt3.com\/en\/wp-json\/wp\/v2\/product_brand?post=29529"},{"taxonomy":"product_cat","embeddable":true,"href":"https:\/\/equipment-pt3.com\/en\/wp-json\/wp\/v2\/product_cat?post=29529"},{"taxonomy":"product_tag","embeddable":true,"href":"https:\/\/equipment-pt3.com\/en\/wp-json\/wp\/v2\/product_tag?post=29529"}],"curies":[{"name":"wp","href":"https:\/\/api.w.org\/{rel}","templated":true}]}}