{"id":29530,"date":"2026-02-03T13:10:43","date_gmt":"2026-02-03T13:10:43","guid":{"rendered":"https:\/\/equipment-pt3.com\/produto\/pcl-tubo-espiral-nylon-8mt-o1-4-1-4m\/"},"modified":"2026-02-12T10:34:34","modified_gmt":"2026-02-12T10:34:34","slug":"pcl-tubo-espiral-nylon-8mt-o1-4-1-4m","status":"publish","type":"product","link":"https:\/\/equipment-pt3.com\/en\/product\/pcl-tubo-espiral-nylon-8mt-o1-4-1-4m\/","title":{"rendered":"PCL Tubo Espiral nylon 8mt \u00d81\/4 1\/4M"},"content":{"rendered":"<p>Os conjuntos de mangueiras de ar em nylon em espiral da PCL s\u00e3o fabricados a partir de resina de nylon de elevada qualidade, com liga\u00e7\u00f5es girat\u00f3rias de 360\u00b0 niqueladas. Esta mangueira compacta e leve \u00e9 ideal para oficinas onde a tubagem convencional pode representar um risco de trope\u00e7o.<\/p>\n<ul>\n<li>Material em nylon<\/li>\n<li>Liga\u00e7\u00f5es girat\u00f3rias de 360\u00b0 niqueladas<\/li>\n<li>Extremidades rectas de 200 mm com mola de protec\u00e7\u00e3o<\/li>\n<\/ul>","protected":false},"excerpt":{"rendered":"<p>Os conjuntos de mangueiras de ar em nylon em espiral da PCL s\u00e3o fabricados a partir de resina de nylon<\/p>","protected":false},"featured_media":29543,"template":"","meta":[],"product_brand":[91],"product_cat":[94],"product_tag":[],"class_list":{"0":"post-29530","1":"product","2":"type-product","3":"status-publish","4":"has-post-thumbnail","6":"product_brand-pcl","7":"product_cat-mangueiras-e-tubos-para-ar-comprimido","9":"first","10":"instock","11":"sale","12":"purchasable","13":"product-type-simple"},"_links":{"self":[{"href":"https:\/\/equipment-pt3.com\/en\/wp-json\/wp\/v2\/product\/29530","targetHints":{"allow":["GET"]}}],"collection":[{"href":"https:\/\/equipment-pt3.com\/en\/wp-json\/wp\/v2\/product"}],"about":[{"href":"https:\/\/equipment-pt3.com\/en\/wp-json\/wp\/v2\/types\/product"}],"version-history":[{"count":2,"href":"https:\/\/equipment-pt3.com\/en\/wp-json\/wp\/v2\/product\/29530\/revisions"}],"predecessor-version":[{"id":29544,"href":"https:\/\/equipment-pt3.com\/en\/wp-json\/wp\/v2\/product\/29530\/revisions\/29544"}],"wp:featuredmedia":[{"embeddable":true,"href":"https:\/\/equipment-pt3.com\/en\/wp-json\/wp\/v2\/media\/29543"}],"wp:attachment":[{"href":"https:\/\/equipment-pt3.com\/en\/wp-json\/wp\/v2\/media?parent=29530"}],"wp:term":[{"taxonomy":"product_brand","embeddable":true,"href":"https:\/\/equipment-pt3.com\/en\/wp-json\/wp\/v2\/product_brand?post=29530"},{"taxonomy":"product_cat","embeddable":true,"href":"https:\/\/equipment-pt3.com\/en\/wp-json\/wp\/v2\/product_cat?post=29530"},{"taxonomy":"product_tag","embeddable":true,"href":"https:\/\/equipment-pt3.com\/en\/wp-json\/wp\/v2\/product_tag?post=29530"}],"curies":[{"name":"wp","href":"https:\/\/api.w.org\/{rel}","templated":true}]}}