{"id":29531,"date":"2026-02-03T13:10:43","date_gmt":"2026-02-03T13:10:43","guid":{"rendered":"https:\/\/equipment-pt3.com\/produto\/pcl-enrolador-mangueira-de-ar-aberto-15mt-o-3-8-21-bar\/"},"modified":"2026-02-12T10:34:34","modified_gmt":"2026-02-12T10:34:34","slug":"pcl-enrolador-mangueira-de-ar-aberto-15mt-o-3-8-21-bar","status":"publish","type":"product","link":"https:\/\/equipment-pt3.com\/en\/product\/pcl-enrolador-mangueira-de-ar-aberto-15mt-o-3-8-21-bar\/","title":{"rendered":"PCL Enrolador mangueira de ar aberto 15mt \u00d8 3\/8  21 bar"},"content":{"rendered":"<p>Apresentamos o novo enrolador de mangueira de ar retr\u00e1til, de servi\u00e7o pesado, com bra\u00e7o duplo, da PCL, especialmente concebido para utiliza\u00e7\u00e3o com ar comprimido em garagens, oficinas e aplica\u00e7\u00f5es industriais.<\/p>\n<p>Este enrolador de mangueira em a\u00e7o, com liga\u00e7\u00f5es em lat\u00e3o de 1\/4\u201d, possui retra\u00e7\u00e3o autom\u00e1tica de s\u00e9rie. A mangueira de 15 m \u00e9 armazenada de forma cuidada e sem esfor\u00e7o, sem dobras nem emaranhamentos.<\/p>\n<p>Testados para uma vida \u00fatil de 8.000 ciclos, os novos enroladores em a\u00e7o incluem quatro roletes anti-encravamento, um guia de bra\u00e7o ajust\u00e1vel e uma mangueira em NBR de elevada resist\u00eancia, reduzindo o desgaste da mangueira.<\/p>\n<ul>\n<li>Constru\u00e7\u00e3o totalmente em a\u00e7o \u2013 ideal para aplica\u00e7\u00f5es industriais<\/li>\n<li>Mangueira em borracha nitr\u00edlica (NBR) \u2013 mais resistente a \u00f3leos e \u00e1cidos do que a borracha natural<\/li>\n<li>Mangueira retr\u00e1til \u2013 perfeita para utiliza\u00e7\u00e3o profissional<\/li>\n<li>Mecanismo de recolha com catraca<\/li>\n<li>Eixo e base de fixa\u00e7\u00e3o em a\u00e7o maci\u00e7o com batente de seguran\u00e7a<\/li>\n<li>Fixa\u00e7\u00f5es para montagem na parede inclu\u00eddas<\/li>\n<li>Liga\u00e7\u00f5es fixas em lat\u00e3o BSPT com al\u00edvios de tens\u00e3o moldados, evitando dobras no ponto de liga\u00e7\u00e3o<\/li>\n<li>Quatro roletes de mangueira anti-encravamento para reduzir o desgaste da mangueira<\/li>\n<li>Guia de bra\u00e7o ajust\u00e1vel e base dupla com pedestal<\/li>\n<li>Estrutura de uni\u00e3o girat\u00f3ria com rolamentos de esferas para f\u00e1cil manuten\u00e7\u00e3o<\/li>\n<li>Recolha autom\u00e1tica com retorno por mola<\/li>\n<\/ul>","protected":false},"excerpt":{"rendered":"<p>Apresentamos o novo enrolador de mangueira de ar retr\u00e1til, de servi\u00e7o pesado, com bra\u00e7o duplo, da PCL, especialmente concebido para<\/p>","protected":false},"featured_media":29557,"template":"","meta":[],"product_brand":[91],"product_cat":[92],"product_tag":[],"class_list":{"0":"post-29531","1":"product","2":"type-product","3":"status-publish","4":"has-post-thumbnail","6":"product_brand-pcl","7":"product_cat-enroladores-de-mangueira","9":"first","10":"instock","11":"sale","12":"purchasable","13":"product-type-simple"},"_links":{"self":[{"href":"https:\/\/equipment-pt3.com\/en\/wp-json\/wp\/v2\/product\/29531","targetHints":{"allow":["GET"]}}],"collection":[{"href":"https:\/\/equipment-pt3.com\/en\/wp-json\/wp\/v2\/product"}],"about":[{"href":"https:\/\/equipment-pt3.com\/en\/wp-json\/wp\/v2\/types\/product"}],"version-history":[{"count":2,"href":"https:\/\/equipment-pt3.com\/en\/wp-json\/wp\/v2\/product\/29531\/revisions"}],"predecessor-version":[{"id":29555,"href":"https:\/\/equipment-pt3.com\/en\/wp-json\/wp\/v2\/product\/29531\/revisions\/29555"}],"wp:featuredmedia":[{"embeddable":true,"href":"https:\/\/equipment-pt3.com\/en\/wp-json\/wp\/v2\/media\/29557"}],"wp:attachment":[{"href":"https:\/\/equipment-pt3.com\/en\/wp-json\/wp\/v2\/media?parent=29531"}],"wp:term":[{"taxonomy":"product_brand","embeddable":true,"href":"https:\/\/equipment-pt3.com\/en\/wp-json\/wp\/v2\/product_brand?post=29531"},{"taxonomy":"product_cat","embeddable":true,"href":"https:\/\/equipment-pt3.com\/en\/wp-json\/wp\/v2\/product_cat?post=29531"},{"taxonomy":"product_tag","embeddable":true,"href":"https:\/\/equipment-pt3.com\/en\/wp-json\/wp\/v2\/product_tag?post=29531"}],"curies":[{"name":"wp","href":"https:\/\/api.w.org\/{rel}","templated":true}]}}