{"id":29532,"date":"2026-02-03T13:10:43","date_gmt":"2026-02-03T13:10:43","guid":{"rendered":"https:\/\/equipment-pt3.com\/produto\/pcl-manometro-319-psi-aviacao\/"},"modified":"2026-02-12T10:34:34","modified_gmt":"2026-02-12T10:34:34","slug":"pcl-manometro-319-psi-aviacao","status":"publish","type":"product","link":"https:\/\/equipment-pt3.com\/en\/product\/pcl-manometro-319-psi-aviacao\/","title":{"rendered":"PCL Man\u00f3metro 319 PSI avia\u00e7\u00e3o"},"content":{"rendered":"<p>O insuflador digital de pneus \u00e9 o mais recente da sua gama para aplica\u00e7\u00f5es aeron\u00e1uticas de alta press\u00e3o. Baseia-se no insuflador digital de pneus l\u00edder de mercado da PCL, desenvolvendo a sua reputa\u00e7\u00e3o mundial de insufla\u00e7\u00e3o r\u00e1pida, precisa e sem problemas, adequada a aplica\u00e7\u00f5es na avia\u00e7\u00e3o.<\/p>\n<p>O ACCURA 5 da PCL oferece as taxas de insufla\u00e7\u00e3o e desinsufla\u00e7\u00e3o mais leves e r\u00e1pidas, alojadas numa estrutura robusta em pl\u00e1stico.<\/p>\n<p>Este produto possui v\u00e1lvulas de entrada e sa\u00edda em lat\u00e3o, componentes internos met\u00e1licos e pl\u00e1sticos de engenharia de elevada resist\u00eancia, capazes de suportar ambientes de alta press\u00e3o e utiliza\u00e7\u00e3o intensiva, t\u00edpicos da manuten\u00e7\u00e3o em linha e em base.<\/p>\n<p>A unidade permite a insufla\u00e7\u00e3o com azoto, ar ou outros gases, entre 3 e 319 psi. \u00c9 capaz de medi\u00e7\u00f5es precisas, com toler\u00e2ncias dentro das normas da ind\u00fastria. O ACCURA 5 permite ao operador fornecer press\u00f5es de pneus exactas de forma r\u00e1pida e consistente, gra\u00e7as ao visor digital claro e ao design de v\u00e1lvula directa.<\/p>\n<ul>\n<li>Componentes met\u00e1licos integrados e pl\u00e1sticos de engenharia concebidos para suportar alta press\u00e3o.<\/li>\n<li>V\u00e1lvulas de entrada e sa\u00edda em lat\u00e3o<\/li>\n<li>Fornecido com conectores de rosca 8v1 e 12v1 e mangueira 4G1 com malha de a\u00e7o<\/li>\n<li>Teste individual realizado, fornecido com certificado de ensaio<\/li>\n<li>Indicador de aviso de bateria fraca<\/li>\n<\/ul>","protected":false},"excerpt":{"rendered":"<p>O insuflador digital de pneus \u00e9 o mais recente da sua gama para aplica\u00e7\u00f5es aeron\u00e1uticas de alta press\u00e3o. Baseia-se no<\/p>","protected":false},"featured_media":29560,"template":"","meta":[],"product_brand":[91],"product_cat":[93],"product_tag":[],"class_list":{"0":"post-29532","1":"product","2":"type-product","3":"status-publish","4":"has-post-thumbnail","6":"product_brand-pcl","7":"product_cat-manometros-e-insufladores-de-pneus","9":"first","10":"instock","11":"sale","12":"purchasable","13":"product-type-simple"},"_links":{"self":[{"href":"https:\/\/equipment-pt3.com\/en\/wp-json\/wp\/v2\/product\/29532","targetHints":{"allow":["GET"]}}],"collection":[{"href":"https:\/\/equipment-pt3.com\/en\/wp-json\/wp\/v2\/product"}],"about":[{"href":"https:\/\/equipment-pt3.com\/en\/wp-json\/wp\/v2\/types\/product"}],"version-history":[{"count":2,"href":"https:\/\/equipment-pt3.com\/en\/wp-json\/wp\/v2\/product\/29532\/revisions"}],"predecessor-version":[{"id":29561,"href":"https:\/\/equipment-pt3.com\/en\/wp-json\/wp\/v2\/product\/29532\/revisions\/29561"}],"wp:featuredmedia":[{"embeddable":true,"href":"https:\/\/equipment-pt3.com\/en\/wp-json\/wp\/v2\/media\/29560"}],"wp:attachment":[{"href":"https:\/\/equipment-pt3.com\/en\/wp-json\/wp\/v2\/media?parent=29532"}],"wp:term":[{"taxonomy":"product_brand","embeddable":true,"href":"https:\/\/equipment-pt3.com\/en\/wp-json\/wp\/v2\/product_brand?post=29532"},{"taxonomy":"product_cat","embeddable":true,"href":"https:\/\/equipment-pt3.com\/en\/wp-json\/wp\/v2\/product_cat?post=29532"},{"taxonomy":"product_tag","embeddable":true,"href":"https:\/\/equipment-pt3.com\/en\/wp-json\/wp\/v2\/product_tag?post=29532"}],"curies":[{"name":"wp","href":"https:\/\/api.w.org\/{rel}","templated":true}]}}