{"id":29533,"date":"2026-02-03T13:10:43","date_gmt":"2026-02-03T13:10:43","guid":{"rendered":"https:\/\/equipment-pt3.com\/produto\/pcl-mk4-manometro-21-bar-aviacao\/"},"modified":"2026-02-12T10:34:34","modified_gmt":"2026-02-12T10:34:34","slug":"pcl-mk4-manometro-21-bar-aviacao","status":"publish","type":"product","link":"https:\/\/equipment-pt3.com\/en\/product\/pcl-mk4-manometro-21-bar-aviacao\/","title":{"rendered":"PCL MK4 Man\u00f3metro 21 Bar (avia\u00e7\u00e3o)"},"content":{"rendered":"<p>O insuflador de pneus para avia\u00e7\u00e3o AIRFORCE\u00ae MK4, \u201cFabricado em Sheffield\u201d, \u00e9 capaz de insuflar at\u00e9 uns impressionantes 300 psi (21 bar), adequando-se a pneus utilizados na ind\u00fastria aeron\u00e1utica. A mais recente vers\u00e3o do insuflador de pneus para avia\u00e7\u00e3o da PCL, utilizado em todo o mundo, incorpora agora todas as atualiza\u00e7\u00f5es do novo design MK4, com maior visibilidade, mecanismo de v\u00e1lvula melhorado e um man\u00f3metro aperfei\u00e7oado, aumentando a durabilidade e a precis\u00e3o em todos os ambientes de avia\u00e7\u00e3o.<\/p>\n<ul>\n<li>Nova janela de visualiza\u00e7\u00e3o \u2013 Janela maior que proporciona um campo de vis\u00e3o 20% superior<\/li>\n<li>Peso reduzido \u2013 Menor esfor\u00e7o de trabalho e maior facilidade de utiliza\u00e7\u00e3o repetitiva<\/li>\n<li>Forma biom\u00f3rfica \u2013 Ergon\u00f3mica, mais f\u00e1cil de utilizar e menos propensa a danos em caso de queda<\/li>\n<li>Novo mecanismo de v\u00e1lvula \u2013 Design simplificado de mecanismo em 2 fases que proporciona a maior durabilidade dispon\u00edvel e reduz a fadiga durante a utiliza\u00e7\u00e3o<\/li>\n<li>Design melhorado do vedante do pist\u00e3o \u2013 Sem corros\u00e3o interna, sem bloqueios e sem desvios de precis\u00e3o<\/li>\n<li>Teste individual \u2013 Fornecido com certificado de calibra\u00e7\u00e3o<\/li>\n<li>Press\u00f5es de insufla\u00e7\u00e3o mais elevadas at\u00e9 300 psi (21 bar), adequadas para pneus de avia\u00e7\u00e3o de todos os tipos<\/li>\n<li>Constru\u00e7\u00e3o robusta e resistente ao ambiente, concebida para suportar aplica\u00e7\u00f5es aeron\u00e1uticas de elevada intensidade<\/li>\n<\/ul>","protected":false},"excerpt":{"rendered":"<p>O insuflador de pneus para avia\u00e7\u00e3o AIRFORCE\u00ae MK4, \u201cFabricado em Sheffield\u201d, \u00e9 capaz de insuflar at\u00e9 uns impressionantes 300 psi<\/p>","protected":false},"featured_media":29573,"template":"","meta":[],"product_brand":[91],"product_cat":[93],"product_tag":[],"class_list":{"0":"post-29533","1":"product","2":"type-product","3":"status-publish","4":"has-post-thumbnail","6":"product_brand-pcl","7":"product_cat-manometros-e-insufladores-de-pneus","9":"first","10":"instock","11":"sale","12":"purchasable","13":"product-type-simple"},"_links":{"self":[{"href":"https:\/\/equipment-pt3.com\/en\/wp-json\/wp\/v2\/product\/29533","targetHints":{"allow":["GET"]}}],"collection":[{"href":"https:\/\/equipment-pt3.com\/en\/wp-json\/wp\/v2\/product"}],"about":[{"href":"https:\/\/equipment-pt3.com\/en\/wp-json\/wp\/v2\/types\/product"}],"version-history":[{"count":3,"href":"https:\/\/equipment-pt3.com\/en\/wp-json\/wp\/v2\/product\/29533\/revisions"}],"predecessor-version":[{"id":29575,"href":"https:\/\/equipment-pt3.com\/en\/wp-json\/wp\/v2\/product\/29533\/revisions\/29575"}],"wp:featuredmedia":[{"embeddable":true,"href":"https:\/\/equipment-pt3.com\/en\/wp-json\/wp\/v2\/media\/29573"}],"wp:attachment":[{"href":"https:\/\/equipment-pt3.com\/en\/wp-json\/wp\/v2\/media?parent=29533"}],"wp:term":[{"taxonomy":"product_brand","embeddable":true,"href":"https:\/\/equipment-pt3.com\/en\/wp-json\/wp\/v2\/product_brand?post=29533"},{"taxonomy":"product_cat","embeddable":true,"href":"https:\/\/equipment-pt3.com\/en\/wp-json\/wp\/v2\/product_cat?post=29533"},{"taxonomy":"product_tag","embeddable":true,"href":"https:\/\/equipment-pt3.com\/en\/wp-json\/wp\/v2\/product_tag?post=29533"}],"curies":[{"name":"wp","href":"https:\/\/api.w.org\/{rel}","templated":true}]}}