{"id":29534,"date":"2026-02-03T13:10:43","date_gmt":"2026-02-03T13:10:43","guid":{"rendered":"https:\/\/equipment-pt3.com\/produto\/pcl-tubo-espiral-poliuretano-10mt-o-5-16-1-4m\/"},"modified":"2026-02-12T10:34:34","modified_gmt":"2026-02-12T10:34:34","slug":"pcl-tubo-espiral-poliuretano-10mt-o-5-16-1-4m","status":"publish","type":"product","link":"https:\/\/equipment-pt3.com\/en\/product\/pcl-tubo-espiral-poliuretano-10mt-o-5-16-1-4m\/","title":{"rendered":"PCL Tubo Espiral poliuretano 10mt \u00d8 5\/16 1\/4M"},"content":{"rendered":"<p>Os conjuntos de mangueiras de ar em espiral em PU s\u00e3o fabricados em poliuretano (PU) em vez de nylon, aumentando a gama de temperaturas de funcionamento eficazes e eliminando limita\u00e7\u00f5es como dobras, abras\u00e3o e falta de resist\u00eancia a \u00f3leos.<\/p>\n<p>O PU permite a utiliza\u00e7\u00e3o em qualquer direc\u00e7\u00e3o, eliminando dobras na mangueira e melhorando o fluxo de ar. Proporciona tamb\u00e9m maior facilidade de utiliza\u00e7\u00e3o quando ligado a ferramentas, ajuda a proteger as extremidades das ferramentas e mant\u00e9m a \u00e1rea de trabalho livre de emaranhamentos e riscos de trope\u00e7o. Dispon\u00edvel numa variedade de cores, di\u00e2metros de mangueira e comprimentos de trabalho.<\/p>\n<ul>\n<li>Material em poliuretano (PU)<\/li>\n<li>Liga\u00e7\u00f5es girat\u00f3rias de 360\u00b0 niqueladas<\/li>\n<li>Extremidades rectas de 200 mm com mola de protec\u00e7\u00e3o<\/li>\n<li>A mangueira retrai-se para uma frac\u00e7\u00e3o do seu comprimento de trabalho<\/li>\n<\/ul>","protected":false},"excerpt":{"rendered":"<p>Os conjuntos de mangueiras de ar em espiral em PU s\u00e3o fabricados em poliuretano (PU) em vez de nylon, aumentando<\/p>","protected":false},"featured_media":29547,"template":"","meta":[],"product_brand":[91],"product_cat":[94],"product_tag":[],"class_list":{"0":"post-29534","1":"product","2":"type-product","3":"status-publish","4":"has-post-thumbnail","6":"product_brand-pcl","7":"product_cat-mangueiras-e-tubos-para-ar-comprimido","9":"first","10":"instock","11":"sale","12":"purchasable","13":"product-type-simple"},"_links":{"self":[{"href":"https:\/\/equipment-pt3.com\/en\/wp-json\/wp\/v2\/product\/29534","targetHints":{"allow":["GET"]}}],"collection":[{"href":"https:\/\/equipment-pt3.com\/en\/wp-json\/wp\/v2\/product"}],"about":[{"href":"https:\/\/equipment-pt3.com\/en\/wp-json\/wp\/v2\/types\/product"}],"version-history":[{"count":2,"href":"https:\/\/equipment-pt3.com\/en\/wp-json\/wp\/v2\/product\/29534\/revisions"}],"predecessor-version":[{"id":29546,"href":"https:\/\/equipment-pt3.com\/en\/wp-json\/wp\/v2\/product\/29534\/revisions\/29546"}],"wp:featuredmedia":[{"embeddable":true,"href":"https:\/\/equipment-pt3.com\/en\/wp-json\/wp\/v2\/media\/29547"}],"wp:attachment":[{"href":"https:\/\/equipment-pt3.com\/en\/wp-json\/wp\/v2\/media?parent=29534"}],"wp:term":[{"taxonomy":"product_brand","embeddable":true,"href":"https:\/\/equipment-pt3.com\/en\/wp-json\/wp\/v2\/product_brand?post=29534"},{"taxonomy":"product_cat","embeddable":true,"href":"https:\/\/equipment-pt3.com\/en\/wp-json\/wp\/v2\/product_cat?post=29534"},{"taxonomy":"product_tag","embeddable":true,"href":"https:\/\/equipment-pt3.com\/en\/wp-json\/wp\/v2\/product_tag?post=29534"}],"curies":[{"name":"wp","href":"https:\/\/api.w.org\/{rel}","templated":true}]}}