{"id":29535,"date":"2026-02-03T13:10:43","date_gmt":"2026-02-03T13:10:43","guid":{"rendered":"https:\/\/equipment-pt3.com\/produto\/pcl-manometro-encher-pneus-12-bar\/"},"modified":"2026-02-12T10:34:34","modified_gmt":"2026-02-12T10:34:34","slug":"pcl-manometro-encher-pneus-12-bar","status":"publish","type":"product","link":"https:\/\/equipment-pt3.com\/en\/product\/pcl-manometro-encher-pneus-12-bar\/","title":{"rendered":"PCL Man\u00f3metro encher Pneus 12 Bar"},"content":{"rendered":"<p>O AirForce II \u00e9 o insuflador de pneus port\u00e1til com mostrador anal\u00f3gico premium da PCL e o mais recente da sua gama de insufladores mec\u00e2nicos de alto desempenho. Respondendo a todas as necessidades modernas de um man\u00f3metro anal\u00f3gico numa oficina de pneus movimentada, o design AirForce, robusto e leve, foi ainda melhorado com um corpo em nylon e uma nova entrada met\u00e1lica, tornando a unidade t\u00e3o resistente como qualquer man\u00f3metro anal\u00f3gico de alto desempenho dispon\u00edvel actualmente no mercado.<\/p>\n<p>Com um mostrador de leitura f\u00e1cil e intuitiva para uma insufla\u00e7\u00e3o de pneus r\u00e1pida e sem complica\u00e7\u00f5es, o AirForce II, equipado com um man\u00f3metro mec\u00e2nico de alto desempenho, possui aprova\u00e7\u00f5es e certifica\u00e7\u00f5es de acordo com a norma BS EN 12645:2014, garantindo precis\u00e3o, fiabilidade e robustez. Testes oficiais demonstraram que o AirForce II excede largamente os requisitos aceites, permitindo aos operadores realizar uma insufla\u00e7\u00e3o segura, econ\u00f3mica e precisa.<\/p>\n<ul>\n<li>Custos operacionais reduzidos \u2013 o design de v\u00e1lvula directa aumenta as velocidades de insufla\u00e7\u00e3o e desinsufla\u00e7\u00e3o<\/li>\n<li>Custo de propriedade reduzido \u2013 longa vida \u00fatil do produto e elevada versatilidade, permitindo uma utiliza\u00e7\u00e3o flex\u00edvel<\/li>\n<li>Precis\u00e3o garantida \u2013 testado individualmente e fornecido com certificado de calibra\u00e7\u00e3o<\/li>\n<li>Tubo de Bourdon comprovado, com constru\u00e7\u00e3o em cobre-ber\u00edlio, para elevada robustez e resist\u00eancia a choques<\/li>\n<li>Constru\u00e7\u00e3o moderna, leve e resistente a impactos<\/li>\n<\/ul>","protected":false},"excerpt":{"rendered":"<p>O AirForce II \u00e9 o insuflador de pneus port\u00e1til com mostrador anal\u00f3gico premium da PCL e o mais recente da<\/p>","protected":false},"featured_media":29565,"template":"","meta":[],"product_brand":[91],"product_cat":[93],"product_tag":[],"class_list":{"0":"post-29535","1":"product","2":"type-product","3":"status-publish","4":"has-post-thumbnail","6":"product_brand-pcl","7":"product_cat-manometros-e-insufladores-de-pneus","9":"first","10":"outofstock","11":"sale","12":"purchasable","13":"product-type-simple"},"_links":{"self":[{"href":"https:\/\/equipment-pt3.com\/en\/wp-json\/wp\/v2\/product\/29535","targetHints":{"allow":["GET"]}}],"collection":[{"href":"https:\/\/equipment-pt3.com\/en\/wp-json\/wp\/v2\/product"}],"about":[{"href":"https:\/\/equipment-pt3.com\/en\/wp-json\/wp\/v2\/types\/product"}],"version-history":[{"count":3,"href":"https:\/\/equipment-pt3.com\/en\/wp-json\/wp\/v2\/product\/29535\/revisions"}],"predecessor-version":[{"id":29568,"href":"https:\/\/equipment-pt3.com\/en\/wp-json\/wp\/v2\/product\/29535\/revisions\/29568"}],"wp:featuredmedia":[{"embeddable":true,"href":"https:\/\/equipment-pt3.com\/en\/wp-json\/wp\/v2\/media\/29565"}],"wp:attachment":[{"href":"https:\/\/equipment-pt3.com\/en\/wp-json\/wp\/v2\/media?parent=29535"}],"wp:term":[{"taxonomy":"product_brand","embeddable":true,"href":"https:\/\/equipment-pt3.com\/en\/wp-json\/wp\/v2\/product_brand?post=29535"},{"taxonomy":"product_cat","embeddable":true,"href":"https:\/\/equipment-pt3.com\/en\/wp-json\/wp\/v2\/product_cat?post=29535"},{"taxonomy":"product_tag","embeddable":true,"href":"https:\/\/equipment-pt3.com\/en\/wp-json\/wp\/v2\/product_tag?post=29535"}],"curies":[{"name":"wp","href":"https:\/\/api.w.org\/{rel}","templated":true}]}}