{"id":29536,"date":"2026-02-03T13:10:43","date_gmt":"2026-02-03T13:10:43","guid":{"rendered":"https:\/\/equipment-pt3.com\/produto\/pcl-pistola-impacto-1-2-curta-prestige\/"},"modified":"2026-02-12T10:34:34","modified_gmt":"2026-02-12T10:34:34","slug":"pcl-pistola-impacto-1-2-curta-prestige","status":"publish","type":"product","link":"https:\/\/equipment-pt3.com\/en\/product\/pcl-pistola-impacto-1-2-curta-prestige\/","title":{"rendered":"PCL Pistola impacto 1\/2 curta prestige"},"content":{"rendered":"<div id=\"description\" class=\"data item content\" role=\"tabpanel\" aria-labelledby=\"tab-label-description\" data-role=\"content\" aria-hidden=\"false\">\n<div class=\"product attribute description\">\n<div class=\"value\">\n<p>Sendo a chave de impacto mais leve e compacta dispon\u00edvel, a chave de impacto Stubby de 1\/2\u201d permite trabalhar em \u00e1reas onde outras n\u00e3o conseguem chegar. O seu design possibilita a realiza\u00e7\u00e3o de trabalhos em zonas de dif\u00edcil acesso, desde interven\u00e7\u00f5es em discos de trav\u00e3o e componentes da frente do ve\u00edculo at\u00e9 \u00e0 remo\u00e7\u00e3o de rodas.<\/p>\n<p>Ideal para repara\u00e7\u00e3o de pequenos motores, trabalhos em transmiss\u00f5es e servi\u00e7os gerais de manuten\u00e7\u00e3o autom\u00f3vel<\/p>\n<ul>\n<li>Chave de impacto de 1\/2\u201d com o menor comprimento do mercado, apenas 108,5 mm \u2013 f\u00e1cil de operar em espa\u00e7os reduzidos<\/li>\n<li>A chave de impacto \u201cStubby\u201d mais potente do mercado, com bin\u00e1rio m\u00e1ximo de 678 Nm<\/li>\n<li>Design ergon\u00f3mico da carca\u00e7a para utiliza\u00e7\u00e3o confort\u00e1vel em todas as condi\u00e7\u00f5es<\/li>\n<li>Motor de uma s\u00f3 m\u00e3o para m\u00e1ximo desempenho e longa vida \u00fatil<\/li>\n<li>Escape no punho que direciona o ar para longe da \u00e1rea de trabalho e do operador<\/li>\n<li>Gancho de suspens\u00e3o para f\u00e1cil arruma\u00e7\u00e3o<\/li>\n<\/ul>\n<\/div>\n<\/div>\n<\/div>","protected":false},"excerpt":{"rendered":"<p>Sendo a chave de impacto mais leve e compacta dispon\u00edvel, a chave de impacto Stubby de 1\/2\u201d permite trabalhar em<\/p>","protected":false},"featured_media":29569,"template":"","meta":[],"product_brand":[91],"product_cat":[89],"product_tag":[],"class_list":{"0":"post-29536","1":"product","2":"type-product","3":"status-publish","4":"has-post-thumbnail","6":"product_brand-pcl","7":"product_cat-ferramentas-pneumaticas","9":"first","10":"outofstock","11":"sale","12":"purchasable","13":"product-type-simple"},"_links":{"self":[{"href":"https:\/\/equipment-pt3.com\/en\/wp-json\/wp\/v2\/product\/29536","targetHints":{"allow":["GET"]}}],"collection":[{"href":"https:\/\/equipment-pt3.com\/en\/wp-json\/wp\/v2\/product"}],"about":[{"href":"https:\/\/equipment-pt3.com\/en\/wp-json\/wp\/v2\/types\/product"}],"version-history":[{"count":2,"href":"https:\/\/equipment-pt3.com\/en\/wp-json\/wp\/v2\/product\/29536\/revisions"}],"predecessor-version":[{"id":29571,"href":"https:\/\/equipment-pt3.com\/en\/wp-json\/wp\/v2\/product\/29536\/revisions\/29571"}],"wp:featuredmedia":[{"embeddable":true,"href":"https:\/\/equipment-pt3.com\/en\/wp-json\/wp\/v2\/media\/29569"}],"wp:attachment":[{"href":"https:\/\/equipment-pt3.com\/en\/wp-json\/wp\/v2\/media?parent=29536"}],"wp:term":[{"taxonomy":"product_brand","embeddable":true,"href":"https:\/\/equipment-pt3.com\/en\/wp-json\/wp\/v2\/product_brand?post=29536"},{"taxonomy":"product_cat","embeddable":true,"href":"https:\/\/equipment-pt3.com\/en\/wp-json\/wp\/v2\/product_cat?post=29536"},{"taxonomy":"product_tag","embeddable":true,"href":"https:\/\/equipment-pt3.com\/en\/wp-json\/wp\/v2\/product_tag?post=29536"}],"curies":[{"name":"wp","href":"https:\/\/api.w.org\/{rel}","templated":true}]}}