{"id":721,"date":"2025-10-09T13:47:21","date_gmt":"2025-10-09T13:47:21","guid":{"rendered":"https:\/\/equipment-pt3.com\/?post_type=product&#038;p=721"},"modified":"2026-02-18T09:41:29","modified_gmt":"2026-02-18T09:41:29","slug":"skil-0630-ca-tesoura-de-jardim","status":"publish","type":"product","link":"https:\/\/equipment-pt3.com\/en\/product\/skil-0630-ca-tesoura-de-jardim\/","title":{"rendered":"SKIL 0630 CA Tesoura para arbustos e relva &#8211; sem fios"},"content":{"rendered":"<p><strong>Tesoura para arbustos e relva sem fio 2 em 1 com tecnologia de i\u00f5es de l\u00edtio \u00ab20V Max\u00bb<\/strong><br \/>\nA \u00ab20V Max\u00bb (18 V) SKIL 0630 \u00e9 uma tesoura para arbustos e relva sem fio 2 em 1. O design leve e compacto da tesoura assegura a m\u00e1xima comodidade de utiliza\u00e7\u00e3o. Gra\u00e7as \u00e0 l\u00e2mina grande para tesoura de relva e arbustos, a tesoura \u00e9 ideal para cortar relva e para moldar pequenas sebes e arbustos com facilidade. O sistema \u00abClic\u00bb isento de ferramentas permite trocar sem esfor\u00e7o entre a l\u00e2mina de tesoura para a relva e a l\u00e2mina de tesoura para arbustos. A l\u00e2mina da tesoura para arbustos tem 20 cm de comprimento e uma dist\u00e2ncia entre l\u00e2minas de 8 mm. A l\u00e2mina da tesoura para relva tem uma largura de 12 cm. Adicionalmente, esta tesoura possui o design \u00abEasy Storage\u00bb da SKIL para um armazenamento organizado da ferramenta de jardim. A SKIL 0630 CA \u00e9 fornecida com uma lamina para arbustos, uma l\u00e2mina para relva, duas capas para l\u00e2mina e um gancho \u00abEasy Storage\u00bb.<\/p>\n<p><strong>O sistema de bateria flex\u00edvel com tecnologia \u00abKeep Cool\u2122\u00bb e \u00abActivCell\u2122\u00bb<\/strong><br \/>\nEsta ferramenta faz parte da \u00abEnergy Platform\u00bb da SKIL: O sistema de bateria flex\u00edvel. Com os acumuladores com tecnologia de i\u00f5es de l\u00edtio \u00ab20V Max\u00bb (18 V) tem a garantia de uma excelente flexibilidade. Os acumuladores foram projetados em fun\u00e7\u00e3o do desempenho e concebidos para se adaptar a todas as ferramentas \u00ab20V Max Energy Platform\u00bb, deste modo as baterias podem at\u00e9 mesmo ser trocadas entre ferramentas el\u00e9tricas e ferramentas de jardim. H\u00e1 algo mais pr\u00e1tico? As ferramentas \u00abEnergy Platform\u00bb est\u00e3o dispon\u00edveis com e sem baterias, proporcionando-lhe a flexibilidade para adicionar mais ferramentas \u00e0 sua gama sem a necessidade de ter de adquirir novas baterias e carregadores. Esta bateria tamb\u00e9m disp\u00f5e da tecnologia de bateria \u00abKeep Cool\u2122\u00bb, a nossa inova\u00e7\u00e3o mais fant\u00e1stica de sempre. A tecnologia \u00abKeep Cool\u2122\u00bb arrefece as c\u00e9lulas da bateria para evitar o seu sobreaquecimento, o que aumenta a autonomia em at\u00e9 25% e duplica a vida \u00fatil da bateria! A tecnologia \u00abActivCell\u2122\u00bb serve para otimizar o consumo de energia, evitando o sobreaquecimento e maximizando o desempenho da bateria.<\/p>\n<p><strong>Caracter\u00edsticas:<\/strong><\/p>\n<ul>\n<li>A tecnologia de bateria \u00abKeep Cool\u2122\u00bb assegura uma autonomia 25% mais longa e o dobro da vida \u00fatil<\/li>\n<li>A nossa tecnologia patenteada \u00abActivCell\u2122\u00bb serve para otimizar o consumo de energia, evitando o sobreaquecimento e maximizando o desempenho da bateria<\/li>\n<li>Design \u00abEasy Storage\u00bb para um armazenamento organizado e economizador de espa\u00e7o da ferramenta<\/li>\n<li>Tecnologia de i\u00f5es de l\u00edtio: sem efeito mem\u00f3ria, sem descarga espont\u00e2nea e sempre pronta a utilizar<\/li>\n<li>O design leve e compacto assegura a m\u00e1xima comodidade de utiliza\u00e7\u00e3o<\/li>\n<li>Sistema \u201cClic\u201d para troca de l\u00e2mina r\u00e1pida e simples sem ferramentas entre tesoura para relva e tesoura para arbustos<\/li>\n<li>Potente tesoura para arbustos\/relva sem fio 2 em 1 com tecnologia de i\u00f5es de l\u00edtio \u00ab20V Max\u00bb (18\u00a0V) para o corte preciso de pequenas sebes e arbustos<\/li>\n<li>Parte da \u00abEnergy Platform\u00bb da SKIL: O sistema de bateria flex\u00edvel<\/li>\n<li>L\u00e2mina grande para tesoura de relva e arbustos para moldar arbustos na perfei\u00e7\u00e3o<\/li>\n<\/ul>","protected":false},"excerpt":{"rendered":"<p>Tesoura sem fio com design leve e compacto para a m\u00e1xima comodidade. Ideal para cortar relva e para moldar pequenas sebes e arbustos com facilidade. Bateria n\u00e3o inclu\u00edda<\/p>","protected":false},"featured_media":703,"template":"","meta":[],"product_brand":[67],"product_cat":[34],"product_tag":[],"class_list":{"0":"post-721","1":"product","2":"type-product","3":"status-publish","4":"has-post-thumbnail","6":"product_brand-skil","7":"product_cat-ferramentas-eletricas","9":"first","10":"instock","11":"sale","12":"purchasable","13":"product-type-simple"},"_links":{"self":[{"href":"https:\/\/equipment-pt3.com\/en\/wp-json\/wp\/v2\/product\/721","targetHints":{"allow":["GET"]}}],"collection":[{"href":"https:\/\/equipment-pt3.com\/en\/wp-json\/wp\/v2\/product"}],"about":[{"href":"https:\/\/equipment-pt3.com\/en\/wp-json\/wp\/v2\/types\/product"}],"version-history":[{"count":3,"href":"https:\/\/equipment-pt3.com\/en\/wp-json\/wp\/v2\/product\/721\/revisions"}],"predecessor-version":[{"id":30770,"href":"https:\/\/equipment-pt3.com\/en\/wp-json\/wp\/v2\/product\/721\/revisions\/30770"}],"wp:featuredmedia":[{"embeddable":true,"href":"https:\/\/equipment-pt3.com\/en\/wp-json\/wp\/v2\/media\/703"}],"wp:attachment":[{"href":"https:\/\/equipment-pt3.com\/en\/wp-json\/wp\/v2\/media?parent=721"}],"wp:term":[{"taxonomy":"product_brand","embeddable":true,"href":"https:\/\/equipment-pt3.com\/en\/wp-json\/wp\/v2\/product_brand?post=721"},{"taxonomy":"product_cat","embeddable":true,"href":"https:\/\/equipment-pt3.com\/en\/wp-json\/wp\/v2\/product_cat?post=721"},{"taxonomy":"product_tag","embeddable":true,"href":"https:\/\/equipment-pt3.com\/en\/wp-json\/wp\/v2\/product_tag?post=721"}],"curies":[{"name":"wp","href":"https:\/\/api.w.org\/{rel}","templated":true}]}}